{"id":2864,"date":"2024-03-28T13:24:35","date_gmt":"2024-03-28T13:24:35","guid":{"rendered":"https:\/\/closregain.fr\/produit\/la-cote-des-brumes\/"},"modified":"2025-11-04T16:04:23","modified_gmt":"2025-11-04T16:04:23","slug":"la-cote-des-brumes","status":"publish","type":"product","link":"https:\/\/closregain.fr\/es\/produit\/la-cote-des-brumes\/","title":{"rendered":"La C\u00f4te des Brumes"},"content":{"rendered":"<p>Todas las ma\u00f1anas de verano, cuando la frescura de la noche da paso al sol abrasador, hay un momento m\u00e1gico en el que se alcanza el equilibrio perfecto entre el d\u00eda y la noche, entre el calor y el fr\u00edo. Algunas de nuestras vi\u00f1as, en las laderas m\u00e1s empinadas de la finca, se visten entonces con largos cortinajes de niebla.<br \/>\nLa C\u00f4te des Brumes cobra vida y nos promete lo mejor por venir para estos vinos secos, tensos y nerviosos, elaborados con nuestra uva Petit Manseng, que deleitan los paladares de los aficionados m\u00e1s entendidos. <\/p>\n","protected":false},"excerpt":{"rendered":"<p>Todas las ma\u00f1anas de verano, cuando la frescura de la noche da paso al sol abrasador, hay un momento m\u00e1gico en el que se alcanza el equilibrio perfecto entre el d\u00eda y la noche, entre el calor y el fr\u00edo. Algunas de nuestras vi\u00f1as, en las laderas m\u00e1s empinadas de la finca, se visten entonces [&hellip;]<\/p>\n","protected":false},"featured_media":348,"comment_status":"open","ping_status":"closed","template":"","meta":{"_acf_changed":false},"product_brand":[],"product_cat":[82],"product_tag":[],"class_list":{"0":"post-2864","1":"product","2":"type-product","3":"status-publish","4":"has-post-thumbnail","6":"product_cat-vinos","8":"first","9":"instock","10":"shipping-taxable","11":"purchasable","12":"product-type-variable"},"acf":[],"yoast_head":"<!-- This site is optimized with the Yoast SEO Premium plugin v27.1 (Yoast SEO v27.2) - https:\/\/yoast.com\/product\/yoast-seo-premium-wordpress\/ -->\n<title>La C\u00f4te des Brumes - Clos Regain - Grand vin du Sud-Ouest<\/title>\n<meta name=\"robots\" content=\"index, follow, max-snippet:-1, max-image-preview:large, max-video-preview:-1\" \/>\n<link rel=\"canonical\" href=\"https:\/\/closregain.fr\/es\/produit\/la-cote-des-brumes\/\" \/>\n<meta property=\"og:locale\" content=\"es_ES\" \/>\n<meta property=\"og:type\" content=\"article\" \/>\n<meta property=\"og:title\" content=\"La C\u00f4te des Brumes\" \/>\n<meta property=\"og:description\" content=\"Todas las ma\u00f1anas de verano, cuando la frescura de la noche da paso al sol abrasador, hay un momento m\u00e1gico en el que se alcanza el equilibrio perfecto entre el d\u00eda y la noche, entre el calor y el fr\u00edo. Algunas de nuestras vi\u00f1as, en las laderas m\u00e1s empinadas de la finca, se visten entonces [&hellip;]\" \/>\n<meta property=\"og:url\" content=\"https:\/\/closregain.fr\/es\/produit\/la-cote-des-brumes\/\" \/>\n<meta property=\"og:site_name\" content=\"Clos Regain - Grand vin du Sud-Ouest\" \/>\n<meta property=\"article:modified_time\" content=\"2025-11-04T16:04:23+00:00\" \/>\n<meta property=\"og:image\" content=\"https:\/\/closregain.fr\/wp-content\/uploads\/2024\/03\/cotes-des-brumes-produit.png\" \/>\n\t<meta property=\"og:image:width\" content=\"523\" \/>\n\t<meta property=\"og:image:height\" content=\"900\" \/>\n\t<meta property=\"og:image:type\" content=\"image\/png\" \/>\n<meta name=\"twitter:card\" content=\"summary_large_image\" \/>\n<meta name=\"twitter:label1\" content=\"Tiempo de lectura\" \/>\n\t<meta name=\"twitter:data1\" content=\"1 minuto\" \/>\n<!-- \/ Yoast SEO Premium plugin. -->","yoast_head_json":{"title":"La C\u00f4te des Brumes - Clos Regain - Grand vin du Sud-Ouest","robots":{"index":"index","follow":"follow","max-snippet":"max-snippet:-1","max-image-preview":"max-image-preview:large","max-video-preview":"max-video-preview:-1"},"canonical":"https:\/\/closregain.fr\/es\/produit\/la-cote-des-brumes\/","og_locale":"es_ES","og_type":"article","og_title":"La C\u00f4te des Brumes","og_description":"Todas las ma\u00f1anas de verano, cuando la frescura de la noche da paso al sol abrasador, hay un momento m\u00e1gico en el que se alcanza el equilibrio perfecto entre el d\u00eda y la noche, entre el calor y el fr\u00edo. Algunas de nuestras vi\u00f1as, en las laderas m\u00e1s empinadas de la finca, se visten entonces [&hellip;]","og_url":"https:\/\/closregain.fr\/es\/produit\/la-cote-des-brumes\/","og_site_name":"Clos Regain - Grand vin du Sud-Ouest","article_modified_time":"2025-11-04T16:04:23+00:00","og_image":[{"width":523,"height":900,"url":"https:\/\/closregain.fr\/wp-content\/uploads\/2024\/03\/cotes-des-brumes-produit.png","type":"image\/png"}],"twitter_card":"summary_large_image","twitter_misc":{"Tiempo de lectura":"1 minuto"},"schema":{"@context":"https:\/\/schema.org","@graph":[{"@type":"WebPage","@id":"https:\/\/closregain.fr\/es\/produit\/la-cote-des-brumes\/","url":"https:\/\/closregain.fr\/es\/produit\/la-cote-des-brumes\/","name":"La C\u00f4te des Brumes - Clos Regain - Grand vin du Sud-Ouest","isPartOf":{"@id":"https:\/\/closregain.fr\/es\/#website"},"primaryImageOfPage":{"@id":"https:\/\/closregain.fr\/es\/produit\/la-cote-des-brumes\/#primaryimage"},"image":{"@id":"https:\/\/closregain.fr\/es\/produit\/la-cote-des-brumes\/#primaryimage"},"thumbnailUrl":"https:\/\/closregain.fr\/wp-content\/uploads\/2024\/03\/cotes-des-brumes-produit.png","datePublished":"2024-03-28T13:24:35+00:00","dateModified":"2025-11-04T16:04:23+00:00","breadcrumb":{"@id":"https:\/\/closregain.fr\/es\/produit\/la-cote-des-brumes\/#breadcrumb"},"inLanguage":"es","potentialAction":[{"@type":"ReadAction","target":["https:\/\/closregain.fr\/es\/produit\/la-cote-des-brumes\/"]}]},{"@type":"ImageObject","inLanguage":"es","@id":"https:\/\/closregain.fr\/es\/produit\/la-cote-des-brumes\/#primaryimage","url":"https:\/\/closregain.fr\/wp-content\/uploads\/2024\/03\/cotes-des-brumes-produit.png","contentUrl":"https:\/\/closregain.fr\/wp-content\/uploads\/2024\/03\/cotes-des-brumes-produit.png","width":523,"height":900},{"@type":"BreadcrumbList","@id":"https:\/\/closregain.fr\/es\/produit\/la-cote-des-brumes\/#breadcrumb","itemListElement":[{"@type":"ListItem","position":1,"name":"Accueil","item":"https:\/\/closregain.fr\/es\/clos-regain\/"},{"@type":"ListItem","position":2,"name":"La C\u00f4te des Brumes"}]},{"@type":"WebSite","@id":"https:\/\/closregain.fr\/es\/#website","url":"https:\/\/closregain.fr\/es\/","name":"Clos Regain - Grand vin du Sud-Ouest","description":"Grand vin du Sud-Ouest","publisher":{"@id":"https:\/\/closregain.fr\/es\/#organization"},"potentialAction":[{"@type":"SearchAction","target":{"@type":"EntryPoint","urlTemplate":"https:\/\/closregain.fr\/es\/?s={search_term_string}"},"query-input":{"@type":"PropertyValueSpecification","valueRequired":true,"valueName":"search_term_string"}}],"inLanguage":"es"},{"@type":"Organization","@id":"https:\/\/closregain.fr\/es\/#organization","name":"Clos Regain - Grand vin du Sud-Ouest","url":"https:\/\/closregain.fr\/es\/","logo":{"@type":"ImageObject","inLanguage":"es","@id":"https:\/\/closregain.fr\/es\/#\/schema\/logo\/image\/","url":"https:\/\/closregain.fr\/wp-content\/uploads\/2024\/01\/logo-Clos-Regain-blanc-web.png","contentUrl":"https:\/\/closregain.fr\/wp-content\/uploads\/2024\/01\/logo-Clos-Regain-blanc-web.png","width":1000,"height":386,"caption":"Clos Regain - Grand vin du Sud-Ouest"},"image":{"@id":"https:\/\/closregain.fr\/es\/#\/schema\/logo\/image\/"}}]}},"_links":{"self":[{"href":"https:\/\/closregain.fr\/es\/wp-json\/wp\/v2\/product\/2864","targetHints":{"allow":["GET"]}}],"collection":[{"href":"https:\/\/closregain.fr\/es\/wp-json\/wp\/v2\/product"}],"about":[{"href":"https:\/\/closregain.fr\/es\/wp-json\/wp\/v2\/types\/product"}],"replies":[{"embeddable":true,"href":"https:\/\/closregain.fr\/es\/wp-json\/wp\/v2\/comments?post=2864"}],"wp:featuredmedia":[{"embeddable":true,"href":"https:\/\/closregain.fr\/es\/wp-json\/wp\/v2\/media\/348"}],"wp:attachment":[{"href":"https:\/\/closregain.fr\/es\/wp-json\/wp\/v2\/media?parent=2864"}],"wp:term":[{"taxonomy":"product_brand","embeddable":true,"href":"https:\/\/closregain.fr\/es\/wp-json\/wp\/v2\/product_brand?post=2864"},{"taxonomy":"product_cat","embeddable":true,"href":"https:\/\/closregain.fr\/es\/wp-json\/wp\/v2\/product_cat?post=2864"},{"taxonomy":"product_tag","embeddable":true,"href":"https:\/\/closregain.fr\/es\/wp-json\/wp\/v2\/product_tag?post=2864"}],"curies":[{"name":"wp","href":"https:\/\/api.w.org\/{rel}","templated":true}]}}