{"id":2860,"date":"2024-03-28T13:25:53","date_gmt":"2024-03-28T13:25:53","guid":{"rendered":"https:\/\/closregain.fr\/produit\/la-roche-mere\/"},"modified":"2024-03-28T13:25:53","modified_gmt":"2024-03-28T13:25:53","slug":"la-roche-mere","status":"publish","type":"product","link":"https:\/\/closregain.fr\/es\/produit\/la-roche-mere\/","title":{"rendered":"La Roche M\u00e8re"},"content":{"rendered":"<p>Como el terru\u00f1o nutricio, la vi\u00f1a de Petit Manseng donde nace esta cuv\u00e9e hunde sus ra\u00edces tan profundamente en el suelo de Juran\u00e7on que coquetea con la Roche M\u00e8re.<br \/>\nLa concentraci\u00f3n de este vino solo es comparable a su elegancia, y los 24 meses pasados en barricas, nuevas en parte, complejizan a\u00fan m\u00e1s esta vendimia tard\u00eda.<\/p>\n","protected":false},"excerpt":{"rendered":"<p>Como el terru\u00f1o nutricio, la vi\u00f1a de Petit Manseng donde nace esta cuv\u00e9e hunde sus ra\u00edces tan profundamente en el suelo de Juran\u00e7on que coquetea con la Roche M\u00e8re. La concentraci\u00f3n de este vino solo es comparable a su elegancia, y los 24 meses pasados en barricas, nuevas en parte, complejizan a\u00fan m\u00e1s esta vendimia [&hellip;]<\/p>\n","protected":false},"featured_media":350,"comment_status":"open","ping_status":"closed","template":"","meta":{"_acf_changed":false},"product_brand":[],"product_cat":[82],"product_tag":[],"class_list":{"0":"post-2860","1":"product","2":"type-product","3":"status-publish","4":"has-post-thumbnail","6":"product_cat-vinos","8":"first","9":"instock","10":"shipping-taxable","11":"purchasable","12":"product-type-simple"},"acf":[],"yoast_head":"<!-- This site is optimized with the Yoast SEO Premium plugin v27.1 (Yoast SEO v27.2) - https:\/\/yoast.com\/product\/yoast-seo-premium-wordpress\/ -->\n<title>La Roche M\u00e8re - Clos Regain - Grand vin du Sud-Ouest<\/title>\n<meta name=\"robots\" content=\"index, follow, max-snippet:-1, max-image-preview:large, max-video-preview:-1\" \/>\n<link rel=\"canonical\" href=\"https:\/\/closregain.fr\/es\/produit\/la-roche-mere\/\" \/>\n<meta property=\"og:locale\" content=\"es_ES\" \/>\n<meta property=\"og:type\" content=\"article\" \/>\n<meta property=\"og:title\" content=\"La Roche M\u00e8re\" \/>\n<meta property=\"og:description\" content=\"Como el terru\u00f1o nutricio, la vi\u00f1a de Petit Manseng donde nace esta cuv\u00e9e hunde sus ra\u00edces tan profundamente en el suelo de Juran\u00e7on que coquetea con la Roche M\u00e8re. La concentraci\u00f3n de este vino solo es comparable a su elegancia, y los 24 meses pasados en barricas, nuevas en parte, complejizan a\u00fan m\u00e1s esta vendimia [&hellip;]\" \/>\n<meta property=\"og:url\" content=\"https:\/\/closregain.fr\/es\/produit\/la-roche-mere\/\" \/>\n<meta property=\"og:site_name\" content=\"Clos Regain - Grand vin du Sud-Ouest\" \/>\n<meta property=\"og:image\" content=\"https:\/\/closregain.fr\/wp-content\/uploads\/2024\/03\/la-roche-des-meres-produit.png\" \/>\n\t<meta property=\"og:image:width\" content=\"523\" \/>\n\t<meta property=\"og:image:height\" content=\"900\" \/>\n\t<meta property=\"og:image:type\" content=\"image\/png\" \/>\n<meta name=\"twitter:card\" content=\"summary_large_image\" \/>\n<!-- \/ Yoast SEO Premium plugin. -->","yoast_head_json":{"title":"La Roche M\u00e8re - Clos Regain - Grand vin du Sud-Ouest","robots":{"index":"index","follow":"follow","max-snippet":"max-snippet:-1","max-image-preview":"max-image-preview:large","max-video-preview":"max-video-preview:-1"},"canonical":"https:\/\/closregain.fr\/es\/produit\/la-roche-mere\/","og_locale":"es_ES","og_type":"article","og_title":"La Roche M\u00e8re","og_description":"Como el terru\u00f1o nutricio, la vi\u00f1a de Petit Manseng donde nace esta cuv\u00e9e hunde sus ra\u00edces tan profundamente en el suelo de Juran\u00e7on que coquetea con la Roche M\u00e8re. La concentraci\u00f3n de este vino solo es comparable a su elegancia, y los 24 meses pasados en barricas, nuevas en parte, complejizan a\u00fan m\u00e1s esta vendimia [&hellip;]","og_url":"https:\/\/closregain.fr\/es\/produit\/la-roche-mere\/","og_site_name":"Clos Regain - Grand vin du Sud-Ouest","og_image":[{"width":523,"height":900,"url":"https:\/\/closregain.fr\/wp-content\/uploads\/2024\/03\/la-roche-des-meres-produit.png","type":"image\/png"}],"twitter_card":"summary_large_image","schema":{"@context":"https:\/\/schema.org","@graph":[{"@type":"WebPage","@id":"https:\/\/closregain.fr\/es\/produit\/la-roche-mere\/","url":"https:\/\/closregain.fr\/es\/produit\/la-roche-mere\/","name":"La Roche M\u00e8re - Clos Regain - Grand vin du Sud-Ouest","isPartOf":{"@id":"https:\/\/closregain.fr\/es\/#website"},"primaryImageOfPage":{"@id":"https:\/\/closregain.fr\/es\/produit\/la-roche-mere\/#primaryimage"},"image":{"@id":"https:\/\/closregain.fr\/es\/produit\/la-roche-mere\/#primaryimage"},"thumbnailUrl":"https:\/\/closregain.fr\/wp-content\/uploads\/2024\/03\/la-roche-des-meres-produit.png","datePublished":"2024-03-28T13:25:53+00:00","breadcrumb":{"@id":"https:\/\/closregain.fr\/es\/produit\/la-roche-mere\/#breadcrumb"},"inLanguage":"es","potentialAction":[{"@type":"ReadAction","target":["https:\/\/closregain.fr\/es\/produit\/la-roche-mere\/"]}]},{"@type":"ImageObject","inLanguage":"es","@id":"https:\/\/closregain.fr\/es\/produit\/la-roche-mere\/#primaryimage","url":"https:\/\/closregain.fr\/wp-content\/uploads\/2024\/03\/la-roche-des-meres-produit.png","contentUrl":"https:\/\/closregain.fr\/wp-content\/uploads\/2024\/03\/la-roche-des-meres-produit.png","width":523,"height":900},{"@type":"BreadcrumbList","@id":"https:\/\/closregain.fr\/es\/produit\/la-roche-mere\/#breadcrumb","itemListElement":[{"@type":"ListItem","position":1,"name":"Accueil","item":"https:\/\/closregain.fr\/es\/clos-regain\/"},{"@type":"ListItem","position":2,"name":"La Roche M\u00e8re"}]},{"@type":"WebSite","@id":"https:\/\/closregain.fr\/es\/#website","url":"https:\/\/closregain.fr\/es\/","name":"Clos Regain - Grand vin du Sud-Ouest","description":"Grand vin du Sud-Ouest","publisher":{"@id":"https:\/\/closregain.fr\/es\/#organization"},"potentialAction":[{"@type":"SearchAction","target":{"@type":"EntryPoint","urlTemplate":"https:\/\/closregain.fr\/es\/?s={search_term_string}"},"query-input":{"@type":"PropertyValueSpecification","valueRequired":true,"valueName":"search_term_string"}}],"inLanguage":"es"},{"@type":"Organization","@id":"https:\/\/closregain.fr\/es\/#organization","name":"Clos Regain - Grand vin du Sud-Ouest","url":"https:\/\/closregain.fr\/es\/","logo":{"@type":"ImageObject","inLanguage":"es","@id":"https:\/\/closregain.fr\/es\/#\/schema\/logo\/image\/","url":"https:\/\/closregain.fr\/wp-content\/uploads\/2024\/01\/logo-Clos-Regain-blanc-web.png","contentUrl":"https:\/\/closregain.fr\/wp-content\/uploads\/2024\/01\/logo-Clos-Regain-blanc-web.png","width":1000,"height":386,"caption":"Clos Regain - Grand vin du Sud-Ouest"},"image":{"@id":"https:\/\/closregain.fr\/es\/#\/schema\/logo\/image\/"}}]}},"_links":{"self":[{"href":"https:\/\/closregain.fr\/es\/wp-json\/wp\/v2\/product\/2860","targetHints":{"allow":["GET"]}}],"collection":[{"href":"https:\/\/closregain.fr\/es\/wp-json\/wp\/v2\/product"}],"about":[{"href":"https:\/\/closregain.fr\/es\/wp-json\/wp\/v2\/types\/product"}],"replies":[{"embeddable":true,"href":"https:\/\/closregain.fr\/es\/wp-json\/wp\/v2\/comments?post=2860"}],"wp:featuredmedia":[{"embeddable":true,"href":"https:\/\/closregain.fr\/es\/wp-json\/wp\/v2\/media\/350"}],"wp:attachment":[{"href":"https:\/\/closregain.fr\/es\/wp-json\/wp\/v2\/media?parent=2860"}],"wp:term":[{"taxonomy":"product_brand","embeddable":true,"href":"https:\/\/closregain.fr\/es\/wp-json\/wp\/v2\/product_brand?post=2860"},{"taxonomy":"product_cat","embeddable":true,"href":"https:\/\/closregain.fr\/es\/wp-json\/wp\/v2\/product_cat?post=2860"},{"taxonomy":"product_tag","embeddable":true,"href":"https:\/\/closregain.fr\/es\/wp-json\/wp\/v2\/product_tag?post=2860"}],"curies":[{"name":"wp","href":"https:\/\/api.w.org\/{rel}","templated":true}]}}