{"id":2854,"date":"2024-03-28T13:28:03","date_gmt":"2024-03-28T13:28:03","guid":{"rendered":"https:\/\/closregain.fr\/produit\/seco\/"},"modified":"2025-11-04T16:04:13","modified_gmt":"2025-11-04T16:04:13","slug":"seco","status":"publish","type":"product","link":"https:\/\/closregain.fr\/es\/produit\/seco\/","title":{"rendered":"&#8230; Seco"},"content":{"rendered":"<p>Cualquier pretexto es bueno para abrir una botella de Clos Regain seco. La visita inesperada de un amigo, una buena noticia que celebrar, un aperitivo entre epic\u00fareos, en resumen, lo entender\u00e1, tan pronto como lo haya degustado, al azar en un restaurante o en un encuentro con un en\u00f3logo, no dejar\u00e1 de celebrar cada ocasi\u00f3n en compa\u00f1\u00eda de este vino, arom\u00e1tico y goloso, donde las notas de frutas frescas dejan paso a la exquisitez y a la untuosidad. \u00a1As\u00ed que d\u00e9jese convencer y atr\u00e9vase con un vino diferente!  <\/p>\n","protected":false},"excerpt":{"rendered":"<p>Cualquier pretexto es bueno para abrir una botella de Clos Regain seco. La visita inesperada de un amigo, una buena noticia que celebrar, un aperitivo entre epic\u00fareos, en resumen, lo entender\u00e1, tan pronto como lo haya degustado, al azar en un restaurante o en un encuentro con un en\u00f3logo, no dejar\u00e1 de celebrar cada ocasi\u00f3n [&hellip;]<\/p>\n","protected":false},"featured_media":351,"comment_status":"open","ping_status":"closed","template":"","meta":{"_acf_changed":false},"product_brand":[],"product_cat":[82],"product_tag":[],"class_list":{"0":"post-2854","1":"product","2":"type-product","3":"status-publish","4":"has-post-thumbnail","6":"product_cat-vinos","8":"first","9":"instock","10":"shipping-taxable","11":"purchasable","12":"product-type-simple"},"acf":[],"yoast_head":"<!-- This site is optimized with the Yoast SEO Premium plugin v27.1 (Yoast SEO v27.2) - https:\/\/yoast.com\/product\/yoast-seo-premium-wordpress\/ -->\n<title>... Seco - Clos Regain - Grand vin du Sud-Ouest<\/title>\n<meta name=\"robots\" content=\"index, follow, max-snippet:-1, max-image-preview:large, max-video-preview:-1\" \/>\n<link rel=\"canonical\" href=\"https:\/\/closregain.fr\/es\/produit\/seco\/\" \/>\n<meta property=\"og:locale\" content=\"es_ES\" \/>\n<meta property=\"og:type\" content=\"article\" \/>\n<meta property=\"og:title\" content=\"... Seco\" \/>\n<meta property=\"og:description\" content=\"Cualquier pretexto es bueno para abrir una botella de Clos Regain seco. La visita inesperada de un amigo, una buena noticia que celebrar, un aperitivo entre epic\u00fareos, en resumen, lo entender\u00e1, tan pronto como lo haya degustado, al azar en un restaurante o en un encuentro con un en\u00f3logo, no dejar\u00e1 de celebrar cada ocasi\u00f3n [&hellip;]\" \/>\n<meta property=\"og:url\" content=\"https:\/\/closregain.fr\/es\/produit\/seco\/\" \/>\n<meta property=\"og:site_name\" content=\"Clos Regain - Grand vin du Sud-Ouest\" \/>\n<meta property=\"article:modified_time\" content=\"2025-11-04T16:04:13+00:00\" \/>\n<meta property=\"og:image\" content=\"https:\/\/closregain.fr\/wp-content\/uploads\/2024\/03\/sec-produit.png\" \/>\n\t<meta property=\"og:image:width\" content=\"523\" \/>\n\t<meta property=\"og:image:height\" content=\"900\" \/>\n\t<meta property=\"og:image:type\" content=\"image\/png\" \/>\n<meta name=\"twitter:card\" content=\"summary_large_image\" \/>\n<!-- \/ Yoast SEO Premium plugin. -->","yoast_head_json":{"title":"... Seco - Clos Regain - Grand vin du Sud-Ouest","robots":{"index":"index","follow":"follow","max-snippet":"max-snippet:-1","max-image-preview":"max-image-preview:large","max-video-preview":"max-video-preview:-1"},"canonical":"https:\/\/closregain.fr\/es\/produit\/seco\/","og_locale":"es_ES","og_type":"article","og_title":"... Seco","og_description":"Cualquier pretexto es bueno para abrir una botella de Clos Regain seco. La visita inesperada de un amigo, una buena noticia que celebrar, un aperitivo entre epic\u00fareos, en resumen, lo entender\u00e1, tan pronto como lo haya degustado, al azar en un restaurante o en un encuentro con un en\u00f3logo, no dejar\u00e1 de celebrar cada ocasi\u00f3n [&hellip;]","og_url":"https:\/\/closregain.fr\/es\/produit\/seco\/","og_site_name":"Clos Regain - Grand vin du Sud-Ouest","article_modified_time":"2025-11-04T16:04:13+00:00","og_image":[{"width":523,"height":900,"url":"https:\/\/closregain.fr\/wp-content\/uploads\/2024\/03\/sec-produit.png","type":"image\/png"}],"twitter_card":"summary_large_image","schema":{"@context":"https:\/\/schema.org","@graph":[{"@type":"WebPage","@id":"https:\/\/closregain.fr\/es\/produit\/seco\/","url":"https:\/\/closregain.fr\/es\/produit\/seco\/","name":"... Seco - Clos Regain - Grand vin du Sud-Ouest","isPartOf":{"@id":"https:\/\/closregain.fr\/es\/#website"},"primaryImageOfPage":{"@id":"https:\/\/closregain.fr\/es\/produit\/seco\/#primaryimage"},"image":{"@id":"https:\/\/closregain.fr\/es\/produit\/seco\/#primaryimage"},"thumbnailUrl":"https:\/\/closregain.fr\/wp-content\/uploads\/2024\/03\/sec-produit.png","datePublished":"2024-03-28T13:28:03+00:00","dateModified":"2025-11-04T16:04:13+00:00","breadcrumb":{"@id":"https:\/\/closregain.fr\/es\/produit\/seco\/#breadcrumb"},"inLanguage":"es","potentialAction":[{"@type":"ReadAction","target":["https:\/\/closregain.fr\/es\/produit\/seco\/"]}]},{"@type":"ImageObject","inLanguage":"es","@id":"https:\/\/closregain.fr\/es\/produit\/seco\/#primaryimage","url":"https:\/\/closregain.fr\/wp-content\/uploads\/2024\/03\/sec-produit.png","contentUrl":"https:\/\/closregain.fr\/wp-content\/uploads\/2024\/03\/sec-produit.png","width":523,"height":900},{"@type":"BreadcrumbList","@id":"https:\/\/closregain.fr\/es\/produit\/seco\/#breadcrumb","itemListElement":[{"@type":"ListItem","position":1,"name":"Accueil","item":"https:\/\/closregain.fr\/es\/clos-regain\/"},{"@type":"ListItem","position":2,"name":"&#8230; Seco"}]},{"@type":"WebSite","@id":"https:\/\/closregain.fr\/es\/#website","url":"https:\/\/closregain.fr\/es\/","name":"Clos Regain - Grand vin du Sud-Ouest","description":"Grand vin du Sud-Ouest","publisher":{"@id":"https:\/\/closregain.fr\/es\/#organization"},"potentialAction":[{"@type":"SearchAction","target":{"@type":"EntryPoint","urlTemplate":"https:\/\/closregain.fr\/es\/?s={search_term_string}"},"query-input":{"@type":"PropertyValueSpecification","valueRequired":true,"valueName":"search_term_string"}}],"inLanguage":"es"},{"@type":"Organization","@id":"https:\/\/closregain.fr\/es\/#organization","name":"Clos Regain - Grand vin du Sud-Ouest","url":"https:\/\/closregain.fr\/es\/","logo":{"@type":"ImageObject","inLanguage":"es","@id":"https:\/\/closregain.fr\/es\/#\/schema\/logo\/image\/","url":"https:\/\/closregain.fr\/wp-content\/uploads\/2024\/01\/logo-Clos-Regain-blanc-web.png","contentUrl":"https:\/\/closregain.fr\/wp-content\/uploads\/2024\/01\/logo-Clos-Regain-blanc-web.png","width":1000,"height":386,"caption":"Clos Regain - Grand vin du Sud-Ouest"},"image":{"@id":"https:\/\/closregain.fr\/es\/#\/schema\/logo\/image\/"}}]}},"_links":{"self":[{"href":"https:\/\/closregain.fr\/es\/wp-json\/wp\/v2\/product\/2854","targetHints":{"allow":["GET"]}}],"collection":[{"href":"https:\/\/closregain.fr\/es\/wp-json\/wp\/v2\/product"}],"about":[{"href":"https:\/\/closregain.fr\/es\/wp-json\/wp\/v2\/types\/product"}],"replies":[{"embeddable":true,"href":"https:\/\/closregain.fr\/es\/wp-json\/wp\/v2\/comments?post=2854"}],"wp:featuredmedia":[{"embeddable":true,"href":"https:\/\/closregain.fr\/es\/wp-json\/wp\/v2\/media\/351"}],"wp:attachment":[{"href":"https:\/\/closregain.fr\/es\/wp-json\/wp\/v2\/media?parent=2854"}],"wp:term":[{"taxonomy":"product_brand","embeddable":true,"href":"https:\/\/closregain.fr\/es\/wp-json\/wp\/v2\/product_brand?post=2854"},{"taxonomy":"product_cat","embeddable":true,"href":"https:\/\/closregain.fr\/es\/wp-json\/wp\/v2\/product_cat?post=2854"},{"taxonomy":"product_tag","embeddable":true,"href":"https:\/\/closregain.fr\/es\/wp-json\/wp\/v2\/product_tag?post=2854"}],"curies":[{"name":"wp","href":"https:\/\/api.w.org\/{rel}","templated":true}]}}