{"id":2783,"date":"2024-03-25T13:58:05","date_gmt":"2024-03-25T13:58:05","guid":{"rendered":"https:\/\/closregain.fr\/noticias\/"},"modified":"2025-11-04T16:02:08","modified_gmt":"2025-11-04T16:02:08","slug":"noticias","status":"publish","type":"page","link":"https:\/\/closregain.fr\/es\/noticias\/","title":{"rendered":"Noticias"},"content":{"rendered":"\t\t<div data-elementor-type=\"wp-page\" data-elementor-id=\"2783\" class=\"elementor elementor-2783 elementor-250\" data-elementor-post-type=\"page\">\n\t\t\t\t<div class=\"elementor-element elementor-element-5e1ed06 e-con-full e-flex e-con e-parent\" data-id=\"5e1ed06\" data-element_type=\"container\" data-e-type=\"container\" data-settings=\"{&quot;jet_parallax_layout_list&quot;:[]}\">\n\t\t\t\t<div class=\"elementor-element elementor-element-40a8e63 elementor-widget elementor-widget-heading\" data-id=\"40a8e63\" data-element_type=\"widget\" data-e-type=\"widget\" data-widget_type=\"heading.default\">\n\t\t\t\t<div class=\"elementor-widget-container\">\n\t\t\t\t\t<h1 class=\"elementor-heading-title elementor-size-default\">Nuestras noticias ...<\/h1>\t\t\t\t<\/div>\n\t\t\t\t<\/div>\n\t\t\t\t<div class=\"elementor-element elementor-element-396771a animated-slow elementor-grid-3 elementor-grid-tablet-2 elementor-grid-mobile-1 elementor-posts--thumbnail-top elementor-invisible elementor-widget elementor-widget-posts\" data-id=\"396771a\" data-element_type=\"widget\" data-e-type=\"widget\" data-settings=\"{&quot;_animation&quot;:&quot;fadeIn&quot;,&quot;classic_columns&quot;:&quot;3&quot;,&quot;classic_columns_tablet&quot;:&quot;2&quot;,&quot;classic_columns_mobile&quot;:&quot;1&quot;,&quot;classic_row_gap&quot;:{&quot;unit&quot;:&quot;px&quot;,&quot;size&quot;:35,&quot;sizes&quot;:[]},&quot;classic_row_gap_widescreen&quot;:{&quot;unit&quot;:&quot;px&quot;,&quot;size&quot;:&quot;&quot;,&quot;sizes&quot;:[]},&quot;classic_row_gap_laptop&quot;:{&quot;unit&quot;:&quot;px&quot;,&quot;size&quot;:&quot;&quot;,&quot;sizes&quot;:[]},&quot;classic_row_gap_tablet_extra&quot;:{&quot;unit&quot;:&quot;px&quot;,&quot;size&quot;:&quot;&quot;,&quot;sizes&quot;:[]},&quot;classic_row_gap_tablet&quot;:{&quot;unit&quot;:&quot;px&quot;,&quot;size&quot;:&quot;&quot;,&quot;sizes&quot;:[]},&quot;classic_row_gap_mobile&quot;:{&quot;unit&quot;:&quot;px&quot;,&quot;size&quot;:&quot;&quot;,&quot;sizes&quot;:[]}}\" data-widget_type=\"posts.classic\">\n\t\t\t\t<div class=\"elementor-widget-container\">\n\t\t\t\t\t\t\t<div class=\"elementor-posts-container elementor-posts elementor-posts--skin-classic elementor-grid\" role=\"list\">\n\t\t\t\t<article class=\"elementor-post elementor-grid-item post-2739 post type-post status-publish format-standard has-post-thumbnail hentry category-eventos category-visita-de-la-finca\" role=\"listitem\">\n\t\t\t\t<a class=\"elementor-post__thumbnail__link\" href=\"https:\/\/closregain.fr\/es\/blog\/2024\/11\/15\/jornadas-de-puertas-abiertas-domingo-8-de-diciembre-de-2024\/\" tabindex=\"-1\" target=&quot;_blank&quot;>\n\t\t\t<div class=\"elementor-post__thumbnail\"><img fetchpriority=\"high\" decoding=\"async\" width=\"768\" height=\"403\" src=\"https:\/\/closregain.fr\/wp-content\/uploads\/2024\/06\/BANNIERE_FB_500X262-768x403.jpg\" class=\"attachment-medium_large size-medium_large wp-image-2742\" alt=\"\" srcset=\"https:\/\/closregain.fr\/wp-content\/uploads\/2024\/06\/BANNIERE_FB_500X262-768x403.jpg 768w, https:\/\/closregain.fr\/wp-content\/uploads\/2024\/06\/BANNIERE_FB_500X262-300x157.jpg 300w, https:\/\/closregain.fr\/wp-content\/uploads\/2024\/06\/BANNIERE_FB_500X262-1024x537.jpg 1024w, https:\/\/closregain.fr\/wp-content\/uploads\/2024\/06\/BANNIERE_FB_500X262-1536x805.jpg 1536w, https:\/\/closregain.fr\/wp-content\/uploads\/2024\/06\/BANNIERE_FB_500X262-scaled.jpg 2048w, https:\/\/closregain.fr\/wp-content\/uploads\/2024\/06\/BANNIERE_FB_500X262-600x315.jpg 600w\" sizes=\"(max-width: 768px) 100vw, 768px\" \/><\/div>\n\t\t<\/a>\n\t\t\t\t<div class=\"elementor-post__text\">\n\t\t\t\t<h2 class=\"elementor-post__title\">\n\t\t\t<a href=\"https:\/\/closregain.fr\/es\/blog\/2024\/11\/15\/jornadas-de-puertas-abiertas-domingo-8-de-diciembre-de-2024\/\" target=&quot;_blank&quot;>\n\t\t\t\tJornadas de Puertas Abiertas &#8211; Domingo 8 de diciembre de 2024\t\t\t<\/a>\n\t\t<\/h2>\n\t\t\t\t<div class=\"elementor-post__excerpt\">\n\t\t\t<p>Como cada a\u00f1o, es con gran placer que les invitamos a descubrir nuestros vinos. Este a\u00f1o es la gran estreno<\/p>\n\t\t<\/div>\n\t\t\t\t\t<div class=\"elementor-post__read-more-wrapper\">\n\t\t\n\t\t<a class=\"elementor-post__read-more\" href=\"https:\/\/closregain.fr\/es\/blog\/2024\/11\/15\/jornadas-de-puertas-abiertas-domingo-8-de-diciembre-de-2024\/\" aria-label=\"M\u00e1s informaci\u00f3n sobre Jornadas de Puertas Abiertas &#8211; Domingo 8 de diciembre de 2024\" tabindex=\"-1\" target=\"_blank\">\n\t\t\tLeer m\u00e1s \u00bb\t\t<\/a>\n\n\t\t\t\t\t<\/div>\n\t\t\t\t<\/div>\n\t\t\t\t<\/article>\n\t\t\t\t<article class=\"elementor-post elementor-grid-item post-2749 post type-post status-publish format-standard has-post-thumbnail hentry category-visita-de-la-finca\" role=\"listitem\">\n\t\t\t\t<a class=\"elementor-post__thumbnail__link\" href=\"https:\/\/closregain.fr\/es\/blog\/2024\/06\/27\/oenogame\/\" tabindex=\"-1\" target=&quot;_blank&quot;>\n\t\t\t<div class=\"elementor-post__thumbnail\"><img decoding=\"async\" width=\"768\" height=\"531\" src=\"https:\/\/closregain.fr\/wp-content\/uploads\/2024\/06\/FOND-e1718116907607-768x531.png\" class=\"attachment-medium_large size-medium_large wp-image-2751\" alt=\"\" srcset=\"https:\/\/closregain.fr\/wp-content\/uploads\/2024\/06\/FOND-e1718116907607-768x531.png 768w, https:\/\/closregain.fr\/wp-content\/uploads\/2024\/06\/FOND-e1718116907607-300x207.png 300w, https:\/\/closregain.fr\/wp-content\/uploads\/2024\/06\/FOND-e1718116907607-1024x708.png 1024w, https:\/\/closregain.fr\/wp-content\/uploads\/2024\/06\/FOND-e1718116907607-600x415.png 600w, https:\/\/closregain.fr\/wp-content\/uploads\/2024\/06\/FOND-e1718116907607.png 1223w\" sizes=\"(max-width: 768px) 100vw, 768px\" \/><\/div>\n\t\t<\/a>\n\t\t\t\t<div class=\"elementor-post__text\">\n\t\t\t\t<h2 class=\"elementor-post__title\">\n\t\t\t<a href=\"https:\/\/closregain.fr\/es\/blog\/2024\/06\/27\/oenogame\/\" target=&quot;_blank&quot;>\n\t\t\t\tOeno&#8217;Game\t\t\t<\/a>\n\t\t<\/h2>\n\t\t\t\t<div class=\"elementor-post__excerpt\">\n\t\t\t<p>Clos Regain le ofrece su juego cooperativo en equipo. Independientemente de su edad, todos tienen algo que decir para resolver<\/p>\n\t\t<\/div>\n\t\t\t\t\t<div class=\"elementor-post__read-more-wrapper\">\n\t\t\n\t\t<a class=\"elementor-post__read-more\" href=\"https:\/\/closregain.fr\/es\/blog\/2024\/06\/27\/oenogame\/\" aria-label=\"M\u00e1s informaci\u00f3n sobre Oeno&#8217;Game\" tabindex=\"-1\" target=\"_blank\">\n\t\t\tLeer m\u00e1s \u00bb\t\t<\/a>\n\n\t\t\t\t\t<\/div>\n\t\t\t\t<\/div>\n\t\t\t\t<\/article>\n\t\t\t\t<article class=\"elementor-post elementor-grid-item post-2738 post type-post status-publish format-standard has-post-thumbnail hentry category-eventos\" role=\"listitem\">\n\t\t\t\t<a class=\"elementor-post__thumbnail__link\" href=\"https:\/\/closregain.fr\/es\/blog\/2024\/06\/10\/vendimiador-por-un-dia\/\" tabindex=\"-1\" target=&quot;_blank&quot;>\n\t\t\t<div class=\"elementor-post__thumbnail\"><img decoding=\"async\" width=\"768\" height=\"512\" src=\"https:\/\/closregain.fr\/wp-content\/uploads\/2024\/05\/vendages-2022-18-768x512.jpg\" class=\"attachment-medium_large size-medium_large wp-image-2741\" alt=\"\" srcset=\"https:\/\/closregain.fr\/wp-content\/uploads\/2024\/05\/vendages-2022-18-768x512.jpg 768w, https:\/\/closregain.fr\/wp-content\/uploads\/2024\/05\/vendages-2022-18-300x200.jpg 300w, https:\/\/closregain.fr\/wp-content\/uploads\/2024\/05\/vendages-2022-18-1024x683.jpg 1024w, https:\/\/closregain.fr\/wp-content\/uploads\/2024\/05\/vendages-2022-18-1536x1024.jpg 1536w, https:\/\/closregain.fr\/wp-content\/uploads\/2024\/05\/vendages-2022-18-scaled.jpg 2048w, https:\/\/closregain.fr\/wp-content\/uploads\/2024\/05\/vendages-2022-18-600x400.jpg 600w\" sizes=\"(max-width: 768px) 100vw, 768px\" \/><\/div>\n\t\t<\/a>\n\t\t\t\t<div class=\"elementor-post__text\">\n\t\t\t\t<h2 class=\"elementor-post__title\">\n\t\t\t<a href=\"https:\/\/closregain.fr\/es\/blog\/2024\/06\/10\/vendimiador-por-un-dia\/\" target=&quot;_blank&quot;>\n\t\t\t\tVendimiador por un d\u00eda\t\t\t<\/a>\n\t\t<\/h2>\n\t\t\t\t<div class=\"elementor-post__excerpt\">\n\t\t\t<p>Jornada Vendimiador por un D\u00eda &#8211; 27 de septiembre de 2024 Clos Regain le invita a participar en el inicio<\/p>\n\t\t<\/div>\n\t\t\t\t\t<div class=\"elementor-post__read-more-wrapper\">\n\t\t\n\t\t<a class=\"elementor-post__read-more\" href=\"https:\/\/closregain.fr\/es\/blog\/2024\/06\/10\/vendimiador-por-un-dia\/\" aria-label=\"M\u00e1s informaci\u00f3n sobre Vendimiador por un d\u00eda\" tabindex=\"-1\" target=\"_blank\">\n\t\t\tLeer m\u00e1s \u00bb\t\t<\/a>\n\n\t\t\t\t\t<\/div>\n\t\t\t\t<\/div>\n\t\t\t\t<\/article>\n\t\t\t\t<article class=\"elementor-post elementor-grid-item post-2671 post type-post status-publish format-standard has-post-thumbnail hentry category-clos-regain\" role=\"listitem\">\n\t\t\t\t<a class=\"elementor-post__thumbnail__link\" href=\"https:\/\/closregain.fr\/es\/blog\/2024\/02\/10\/salon-wine-paris-2024\/\" tabindex=\"-1\" target=&quot;_blank&quot;>\n\t\t\t<div class=\"elementor-post__thumbnail\"><img loading=\"lazy\" decoding=\"async\" width=\"300\" height=\"250\" src=\"https:\/\/closregain.fr\/wp-content\/uploads\/2024\/02\/h6__f_048_300x250.png\" class=\"attachment-medium_large size-medium_large wp-image-2672\" alt=\"\" \/><\/div>\n\t\t<\/a>\n\t\t\t\t<div class=\"elementor-post__text\">\n\t\t\t\t<h2 class=\"elementor-post__title\">\n\t\t\t<a href=\"https:\/\/closregain.fr\/es\/blog\/2024\/02\/10\/salon-wine-paris-2024\/\" target=&quot;_blank&quot;>\n\t\t\t\tSal\u00f3n Wine Paris 2024\t\t\t<\/a>\n\t\t<\/h2>\n\t\t\t\t<div class=\"elementor-post__excerpt\">\n\t\t\t<p>Del 12 al 14 de febrero, participamos por tercer a\u00f1o consecutivo en la 5\u00aa edici\u00f3n de Wine Paris &amp; Vinexpo<\/p>\n\t\t<\/div>\n\t\t\t\t\t<div class=\"elementor-post__read-more-wrapper\">\n\t\t\n\t\t<a class=\"elementor-post__read-more\" href=\"https:\/\/closregain.fr\/es\/blog\/2024\/02\/10\/salon-wine-paris-2024\/\" aria-label=\"M\u00e1s informaci\u00f3n sobre Sal\u00f3n Wine Paris 2024\" tabindex=\"-1\" target=\"_blank\">\n\t\t\tLeer m\u00e1s \u00bb\t\t<\/a>\n\n\t\t\t\t\t<\/div>\n\t\t\t\t<\/div>\n\t\t\t\t<\/article>\n\t\t\t\t<\/div>\n\t\t\n\t\t\t\t\t\t<\/div>\n\t\t\t\t<\/div>\n\t\t\t\t<\/div>\n\t\t\t\t<\/div>\n\t\t","protected":false},"excerpt":{"rendered":"<p>Nuestras noticias &#8230;<\/p>\n","protected":false},"author":1,"featured_media":0,"parent":0,"menu_order":0,"comment_status":"closed","ping_status":"closed","template":"","meta":{"_acf_changed":false,"footnotes":""},"class_list":["post-2783","page","type-page","status-publish","hentry"],"acf":[],"yoast_head":"<!-- This site is optimized with the Yoast SEO Premium plugin v27.1 (Yoast SEO v27.2) - https:\/\/yoast.com\/product\/yoast-seo-premium-wordpress\/ -->\n<title>Noticias de Clos Regain: La informaci\u00f3n m\u00e1s reciente que debe conocer - Clos Regain - Grand vin du Sud-Ouest<\/title>\n<meta name=\"description\" content=\"No se pierda las \u00faltimas noticias de Clos Regain y siga las actualizaciones m\u00e1s recientes de la empresa.\" \/>\n<meta name=\"robots\" content=\"index, follow, max-snippet:-1, max-image-preview:large, max-video-preview:-1\" \/>\n<link rel=\"canonical\" href=\"https:\/\/closregain.fr\/es\/noticias\/\" \/>\n<meta property=\"og:locale\" content=\"es_ES\" \/>\n<meta property=\"og:type\" content=\"article\" \/>\n<meta property=\"og:title\" content=\"Noticias\" \/>\n<meta property=\"og:description\" content=\"No se pierda las \u00faltimas noticias de Clos Regain y siga las actualizaciones m\u00e1s recientes de la empresa.\" \/>\n<meta property=\"og:url\" content=\"https:\/\/closregain.fr\/es\/noticias\/\" \/>\n<meta property=\"og:site_name\" content=\"Clos Regain - Grand vin du Sud-Ouest\" \/>\n<meta property=\"article:modified_time\" content=\"2025-11-04T16:02:08+00:00\" \/>\n<meta name=\"twitter:card\" content=\"summary_large_image\" \/>\n<!-- \/ Yoast SEO Premium plugin. -->","yoast_head_json":{"title":"Noticias de Clos Regain: La informaci\u00f3n m\u00e1s reciente que debe conocer - Clos Regain - Grand vin du Sud-Ouest","description":"No se pierda las \u00faltimas noticias de Clos Regain y siga las actualizaciones m\u00e1s recientes de la empresa.","robots":{"index":"index","follow":"follow","max-snippet":"max-snippet:-1","max-image-preview":"max-image-preview:large","max-video-preview":"max-video-preview:-1"},"canonical":"https:\/\/closregain.fr\/es\/noticias\/","og_locale":"es_ES","og_type":"article","og_title":"Noticias","og_description":"No se pierda las \u00faltimas noticias de Clos Regain y siga las actualizaciones m\u00e1s recientes de la empresa.","og_url":"https:\/\/closregain.fr\/es\/noticias\/","og_site_name":"Clos Regain - Grand vin du Sud-Ouest","article_modified_time":"2025-11-04T16:02:08+00:00","twitter_card":"summary_large_image","schema":{"@context":"https:\/\/schema.org","@graph":[{"@type":"WebPage","@id":"https:\/\/closregain.fr\/es\/noticias\/","url":"https:\/\/closregain.fr\/es\/noticias\/","name":"Noticias de Clos Regain: La informaci\u00f3n m\u00e1s reciente que debe conocer - Clos Regain - Grand vin du Sud-Ouest","isPartOf":{"@id":"https:\/\/closregain.fr\/es\/#website"},"datePublished":"2024-03-25T13:58:05+00:00","dateModified":"2025-11-04T16:02:08+00:00","description":"No se pierda las \u00faltimas noticias de Clos Regain y siga las actualizaciones m\u00e1s recientes de la empresa.","breadcrumb":{"@id":"https:\/\/closregain.fr\/es\/noticias\/#breadcrumb"},"inLanguage":"es","potentialAction":[{"@type":"ReadAction","target":["https:\/\/closregain.fr\/es\/noticias\/"]}]},{"@type":"BreadcrumbList","@id":"https:\/\/closregain.fr\/es\/noticias\/#breadcrumb","itemListElement":[{"@type":"ListItem","position":1,"name":"Accueil","item":"https:\/\/closregain.fr\/es\/clos-regain\/"},{"@type":"ListItem","position":2,"name":"Noticias"}]},{"@type":"WebSite","@id":"https:\/\/closregain.fr\/es\/#website","url":"https:\/\/closregain.fr\/es\/","name":"Clos Regain - Grand vin du Sud-Ouest","description":"Grand vin du Sud-Ouest","publisher":{"@id":"https:\/\/closregain.fr\/es\/#organization"},"potentialAction":[{"@type":"SearchAction","target":{"@type":"EntryPoint","urlTemplate":"https:\/\/closregain.fr\/es\/?s={search_term_string}"},"query-input":{"@type":"PropertyValueSpecification","valueRequired":true,"valueName":"search_term_string"}}],"inLanguage":"es"},{"@type":"Organization","@id":"https:\/\/closregain.fr\/es\/#organization","name":"Clos Regain - Grand vin du Sud-Ouest","url":"https:\/\/closregain.fr\/es\/","logo":{"@type":"ImageObject","inLanguage":"es","@id":"https:\/\/closregain.fr\/es\/#\/schema\/logo\/image\/","url":"https:\/\/closregain.fr\/wp-content\/uploads\/2024\/01\/logo-Clos-Regain-blanc-web.png","contentUrl":"https:\/\/closregain.fr\/wp-content\/uploads\/2024\/01\/logo-Clos-Regain-blanc-web.png","width":1000,"height":386,"caption":"Clos Regain - Grand vin du Sud-Ouest"},"image":{"@id":"https:\/\/closregain.fr\/es\/#\/schema\/logo\/image\/"}}]}},"_links":{"self":[{"href":"https:\/\/closregain.fr\/es\/wp-json\/wp\/v2\/pages\/2783","targetHints":{"allow":["GET"]}}],"collection":[{"href":"https:\/\/closregain.fr\/es\/wp-json\/wp\/v2\/pages"}],"about":[{"href":"https:\/\/closregain.fr\/es\/wp-json\/wp\/v2\/types\/page"}],"author":[{"embeddable":true,"href":"https:\/\/closregain.fr\/es\/wp-json\/wp\/v2\/users\/1"}],"replies":[{"embeddable":true,"href":"https:\/\/closregain.fr\/es\/wp-json\/wp\/v2\/comments?post=2783"}],"version-history":[{"count":0,"href":"https:\/\/closregain.fr\/es\/wp-json\/wp\/v2\/pages\/2783\/revisions"}],"wp:attachment":[{"href":"https:\/\/closregain.fr\/es\/wp-json\/wp\/v2\/media?parent=2783"}],"curies":[{"name":"wp","href":"https:\/\/api.w.org\/{rel}","templated":true}]}}