{"id":2763,"date":"2024-04-09T11:16:08","date_gmt":"2024-04-09T11:16:08","guid":{"rendered":"https:\/\/closregain.fr\/leche-de-vid\/"},"modified":"2025-11-04T16:01:22","modified_gmt":"2025-11-04T16:01:22","slug":"leche-de-vid","status":"publish","type":"page","link":"https:\/\/closregain.fr\/es\/leche-de-vid\/","title":{"rendered":"Leche de vid"},"content":{"rendered":"\t\t<div data-elementor-type=\"wp-page\" data-elementor-id=\"2763\" class=\"elementor elementor-2763 elementor-819\" data-elementor-post-type=\"page\">\n\t\t\t\t<div class=\"elementor-element elementor-element-732c62a e-flex e-con-boxed e-con e-parent\" data-id=\"732c62a\" data-element_type=\"container\" data-e-type=\"container\" data-settings=\"{&quot;jet_parallax_layout_list&quot;:[]}\">\n\t\t\t\t\t<div class=\"e-con-inner\">\n\t\t\t\t<div data-dce-title-color=\"#000000\" class=\"elementor-element elementor-element-bafae45 animated-slow elementor-invisible elementor-widget elementor-widget-heading\" data-id=\"bafae45\" data-element_type=\"widget\" data-e-type=\"widget\" data-settings=\"{&quot;_animation&quot;:&quot;fadeIn&quot;}\" data-widget_type=\"heading.default\">\n\t\t\t\t<div class=\"elementor-widget-container\">\n\t\t\t\t\t<h1 class=\"elementor-heading-title elementor-size-default\">Leche de vid<\/h1>\t\t\t\t<\/div>\n\t\t\t\t<\/div>\n\t\t\t\t<div data-dce-title-color=\"#A30606\" class=\"elementor-element elementor-element-eb770c1 animated-slow elementor-invisible elementor-widget elementor-widget-heading\" data-id=\"eb770c1\" data-element_type=\"widget\" data-e-type=\"widget\" data-settings=\"{&quot;_animation&quot;:&quot;fadeIn&quot;}\" data-widget_type=\"heading.default\">\n\t\t\t\t<div class=\"elementor-widget-container\">\n\t\t\t\t\t<h2 class=\"elementor-heading-title elementor-size-default\">La bebida nutritiva de los viticultores<\/h2>\t\t\t\t<\/div>\n\t\t\t\t<\/div>\n\t\t\t\t<div class=\"elementor-element elementor-element-28441bd elementor-widget elementor-widget-text-editor\" data-id=\"28441bd\" data-element_type=\"widget\" data-e-type=\"widget\" data-widget_type=\"text-editor.default\">\n\t\t\t\t<div class=\"elementor-widget-container\">\n\t\t\t\t\t\t\t\t\t<p>La fidelidad y la abnegaci\u00f3n siempre deben ser recompensadas. Los recuerdos del dominio est\u00e1n todos habitados por Antoine, fiel trabajador agr\u00edcola, que pas\u00f3 su vida al servicio de un dominio que era para \u00e9l el punto de referencia de su vida. <\/p><p>De sus frecuentes visitas a la bodega ha quedado el recuerdo de un Antoine encorvado bajo el degustador de las cubas, saci\u00e1ndose con el chorro de vino fresco.<\/p><p>La peque\u00f1a historia incluso cuenta que sus capacidades de trabajo se multiplicaban despu\u00e9s de estos par\u00e9ntesis refrescantes.<\/p><p>Nuestra \u00ab<strong>leche de vid<\/strong>\u00bb es un homenaje a esas generaciones de trabajadores para quienes el vino tambi\u00e9n era nutritivo.<\/p>\t\t\t\t\t\t\t\t<\/div>\n\t\t\t\t<\/div>\n\t\t\t\t<div class=\"elementor-element elementor-element-253a239 dce-col-3 animated-slow dce-posts-layout-default dce-col-tablet-3 dce-col-mobile-1 dce-align-left elementor-invisible elementor-widget elementor-widget-dce-dynamicposts-v2\" data-id=\"253a239\" data-element_type=\"widget\" data-e-type=\"widget\" data-settings=\"{&quot;templatemode_linkable&quot;:&quot;yes&quot;,&quot;_animation&quot;:&quot;fadeInUp&quot;,&quot;style_items&quot;:&quot;default&quot;,&quot;grid_grid_type&quot;:&quot;flex&quot;}\" data-widget_type=\"dce-dynamicposts-v2.grid\">\n\t\t\t\t<div class=\"elementor-widget-container\">\n\t\t\t\t\t\t\t<div class=\"dce-posts-container dce-posts \">\n\t\t\t<div class=\"dce-posts-fallback\">\n\t\t\t\t<p>No results found.<\/p>\t\t\t<\/div>\n\t\t<\/div>\n\t\t\t\t\t\t<\/div>\n\t\t\t\t<\/div>\n\t\t\t\t\t<\/div>\n\t\t\t\t<\/div>\n\t\t<div class=\"elementor-element elementor-element-9b76c10 e-con-full e-flex e-con e-parent\" data-id=\"9b76c10\" data-element_type=\"container\" data-e-type=\"container\" data-settings=\"{&quot;jet_parallax_layout_list&quot;:[]}\">\n\t\t\t\t<div class=\"elementor-element elementor-element-47b5085 elementor-widget elementor-widget-shortcode\" data-id=\"47b5085\" data-element_type=\"widget\" data-e-type=\"widget\" data-widget_type=\"shortcode.default\">\n\t\t\t\t<div class=\"elementor-widget-container\">\n\t\t\t\t\t\t\t<div class=\"elementor-shortcode\">\t\t<div data-elementor-type=\"section\" data-elementor-id=\"2803\" class=\"elementor elementor-2803 elementor-1539 elementor-1539\" data-elementor-post-type=\"elementor_library\">\n\t\t\t<div data-dce-background-overlay-color=\"#000000\" data-dce-background-image-url=\"https:\/\/closregain.fr\/wp-content\/uploads\/2024\/03\/chateau.jpg\" class=\"elementor-element elementor-element-209aa3f e-flex e-con-boxed e-con e-parent\" data-id=\"209aa3f\" data-element_type=\"container\" data-e-type=\"container\" data-settings=\"{&quot;background_background&quot;:&quot;classic&quot;,&quot;jet_parallax_layout_list&quot;:[]}\">\n\t\t\t\t\t<div class=\"e-con-inner\">\n\t\t<div class=\"elementor-element elementor-element-bda415a e-con-full e-flex e-con e-child\" data-id=\"bda415a\" data-element_type=\"container\" data-e-type=\"container\" data-settings=\"{&quot;jet_parallax_layout_list&quot;:[]}\">\n\t\t\t\t<div data-dce-title-color=\"#FFFFFF\" data-dce-advanced-background-hover-color=\"#FFFFFF36\" class=\"elementor-element elementor-element-9b3f9f2 elementor-view-default elementor-position-block-start elementor-mobile-position-block-start elementor-widget elementor-widget-icon-box\" data-id=\"9b3f9f2\" data-element_type=\"widget\" data-e-type=\"widget\" data-widget_type=\"icon-box.default\">\n\t\t\t\t<div class=\"elementor-widget-container\">\n\t\t\t\t\t\t\t<div class=\"elementor-icon-box-wrapper\">\n\n\t\t\t\t\t\t<div class=\"elementor-icon-box-icon\">\n\t\t\t\t<a href=\"https:\/\/closregain.fr\/es\/reservar-una-visita\/\" class=\"elementor-icon\" tabindex=\"-1\" aria-label=\"Visita y degustaci\u00f3n\">\n\t\t\t\t<svg xmlns=\"http:\/\/www.w3.org\/2000\/svg\" id=\"Calque_1\" viewBox=\"0 0 90 88.88\"><path d=\"M86.8,39.43c-.11-7.54-2.33-14.83-6.43-21.15l4.17-11.96c.07-.25.07-.5-.04-.75-.11-.22-.32-.4-.54-.5l-7.04-2.44c-.25-.07-.5-.07-.75.04-.22.11-.4.32-.5.54l-2.41,6.89C65.94,3.59,56.6,0,46.76,0c-14.22,0-27.36,7.58-34.55,19.86-4.49-1.9-7.94-1.72-10.27.61-3.7,3.7-2.12,9.95,4.7,18.96-1.76.72-3.02,2.44-3.02,4.49,0,2.37,1.69,4.31,3.95,4.74l2.8,34.44c.25,3.23,3.23,5.78,6.75,5.78h59.36c3.52,0,6.46-2.55,6.75-5.78l2.8-34.44c2.23-.43,3.95-2.37,3.95-4.74-.07-2.05-1.36-3.81-3.2-4.49ZM84.86,39.07h-2.84c1.04-4.78-.61-9.8-4.38-12.96l1.9-5.49c3.34,5.6,5.14,11.92,5.31,18.46ZM52.29,25.35c-1.19-.79-3.05-1.4-5.64-.65.61-.9,1.47-1.62,2.51-2.01.5-.18.75-.75.57-1.26-.18-.5-.75-.75-1.26-.57-1.94.72-3.48,2.33-4.24,4.27-3.23-1.36-5.49-.68-6.86.22-3.05,2.01-4.13,6.57-3.81,10.2.04.36.14.68.18,1.04-2.26-2.26-4.42-4.27-6.46-6.1l-.04-.04-.04-.04c-3.12-2.77-5.96-5.06-8.55-6.86,5.85-9.95,16.56-16.09,28.08-16.09,9.01,0,17.67,3.81,23.81,10.38l-.39,1.08-1.44,4.09c-5.49.14-10.31,3.63-12.1,8.87l-.54,1.54c-.14-3.12-1.29-6.43-3.81-8.08ZM54.2,35.41c-.11,1.29-.47,2.51-.97,3.66h-16.73c-.5-1.15-.86-2.37-.97-3.66-.32-3.63.9-7.07,2.94-8.44,1.54-1.01,3.56-.9,5.93.36.29.14.61.14.9,0,2.37-1.26,4.38-1.36,5.93-.36,2.08,1.36,3.3,4.85,2.98,8.44ZM58.51,32.54c1.62-4.67,5.89-7.72,10.95-7.58l6.46,2.26c3.7,2.77,5.28,7.47,4.13,11.85h-23.81l2.26-6.54ZM77.18,4.78l5.21,1.8-1.26,3.63-5.21-1.8,1.26-3.63ZM75.28,10.23l5.21,1.8-1.29,3.7-3.27,9.41-5.21-1.8,4.56-13.11ZM46.76,1.94c9.62,0,18.75,3.63,25.82,10.13l-1.29,3.73c-6.46-6.54-15.3-10.31-24.53-10.31-12.21,0-23.49,6.46-29.7,16.95-.47-.29-.93-.61-1.36-.86-.61-.36-1.15-.65-1.72-.93C20.87,9.09,33.33,1.94,46.76,1.94ZM3.31,21.83c2.23-2.23,6.07-1.72,11.42,1.44,2.26,1.33,4.81,3.16,7.58,5.46-4.49-1.01-10.81-1.72-14.29-.9-.5.14-.83.65-.72,1.19.14.5.65.83,1.19.72,5.06-1.22,16.23,1.29,17.52,2.19,1.69,1.51,3.41,3.12,5.24,4.92-4.38-1.08-10.81-1.83-14.44-.97-.5.14-.83.65-.72,1.19.14.5.65.83,1.19.72,3.91-.93,11.28.29,14.98,1.33H8.8C2.2,30.63.33,24.81,3.31,21.83ZM81.27,82.92c-.18,2.23-2.3,3.99-4.81,3.99H17.1c-2.51,0-4.63-1.76-4.81-3.99l-2.77-34.04h74.48l-2.73,34.04ZM85.08,46.83H8.48c-1.62,0-2.91-1.29-2.91-2.91s1.29-2.91,2.91-2.91h27.4s0,0,.04,0h49.2c1.62,0,2.91,1.29,2.91,2.91s-1.33,2.91-2.94,2.91Z\" style=\"fill:#fff; stroke-width:0px;\"><\/path><path d=\"M17.4,57.39l8.11.21c.54.01.98-.41.99-.94s-.41-.98-.94-.99l-8.11-.21c-.54-.01-.98.41-.99.94s.41.98.94.99Z\" style=\"fill:#fff; stroke-width:0px;\"><\/path><path d=\"M34.27,57.49h8.12c.54,0,.97-.43.97-.97s-.43-.97-.97-.97h-8.12c-.54,0-.97.43-.97.97.04.54.47.97.97.97Z\" style=\"fill:#fff; stroke-width:0px;\"><\/path><path d=\"M51.14,57.49h8.12c.54,0,.97-.43.97-.97s-.43-.97-.97-.97h-8.12c-.54,0-.97.43-.97.97s.43.97.97.97Z\" style=\"fill:#fff; stroke-width:0px;\"><\/path><path d=\"M68.02,57.49h8.12c.54,0,.97-.43.97-.97s-.43-.97-.97-.97h-8.12c-.54,0-.97.43-.97.97s.43.97.97.97Z\" style=\"fill:#fff; stroke-width:0px;\"><\/path><path d=\"M17.42,80.26h8.12c.54,0,.97-.43.97-.97s-.43-.97-.97-.97h-8.12c-.54,0-.97.43-.97.97s.43.97.97.97Z\" style=\"fill:#fff; stroke-width:0px;\"><\/path><path d=\"M42.42,78.32h-8.12c-.54,0-.97.43-.97.97s.43.97.97.97h8.12c.54,0,.97-.43.97-.97s-.43-.97-.97-.97Z\" style=\"fill:#fff; stroke-width:0px;\"><\/path><path d=\"M59.26,78.32h-8.12c-.54,0-.97.43-.97.97s.43.97.97.97h8.12c.54,0,.97-.43.97-.97s-.43-.97-.97-.97Z\" style=\"fill:#fff; stroke-width:0px;\"><\/path><path d=\"M76.14,78.32h-8.12c-.54,0-.97.43-.97.97s.43.97.97.97h8.12c.54,0,.97-.43.97-.97s-.43-.97-.97-.97Z\" style=\"fill:#fff; stroke-width:0px;\"><\/path><path d=\"M34.95,67.3c0-.54-.43-.97-.97-.97h-8.12c-.54,0-.97.43-.97.97s.43.97.97.97h8.12c.54,0,.97-.43.97-.97Z\" style=\"fill:#fff; stroke-width:0px;\"><\/path><path d=\"M50.86,68.27c.54,0,.97-.43.97-.97s-.43-.97-.97-.97h-8.12c-.54,0-.97.43-.97.97s.43.97.97.97h8.12Z\" style=\"fill:#fff; stroke-width:0px;\"><\/path><path d=\"M67.7,68.27c.54,0,.97-.43.97-.97s-.43-.97-.97-.97h-8.12c-.54,0-.97.43-.97.97s.43.97.97.97h8.12Z\" style=\"fill:#fff; stroke-width:0px;\"><\/path><\/svg>\t\t\t\t<\/a>\n\t\t\t<\/div>\n\t\t\t\n\t\t\t\t\t\t<div class=\"elementor-icon-box-content\">\n\n\t\t\t\t\t\t\t\t\t<h2 class=\"elementor-icon-box-title\">\n\t\t\t\t\t\t<a href=\"https:\/\/closregain.fr\/es\/reservar-una-visita\/\" >\n\t\t\t\t\t\t\tVisita y degustaci\u00f3n\t\t\t\t\t\t<\/a>\n\t\t\t\t\t<\/h2>\n\t\t\t\t\n\t\t\t\t\t\t\t\t\t<p class=\"elementor-icon-box-description\">\n\t\t\t\t\t\t\u00a1Reserve!\t\t\t\t\t<\/p>\n\t\t\t\t\n\t\t\t<\/div>\n\t\t\t\n\t\t<\/div>\n\t\t\t\t\t\t<\/div>\n\t\t\t\t<\/div>\n\t\t\t\t<\/div>\n\t\t<div class=\"elementor-element elementor-element-34b833b e-con-full e-flex e-con e-child\" data-id=\"34b833b\" data-element_type=\"container\" data-e-type=\"container\" data-settings=\"{&quot;jet_parallax_layout_list&quot;:[]}\">\n\t\t\t\t<div data-dce-title-color=\"#FFFFFF\" data-dce-advanced-background-hover-color=\"#FFFFFF36\" class=\"elementor-element elementor-element-355679c elementor-view-default elementor-position-block-start elementor-mobile-position-block-start elementor-widget elementor-widget-icon-box\" data-id=\"355679c\" data-element_type=\"widget\" data-e-type=\"widget\" data-widget_type=\"icon-box.default\">\n\t\t\t\t<div class=\"elementor-widget-container\">\n\t\t\t\t\t\t\t<div class=\"elementor-icon-box-wrapper\">\n\n\t\t\t\t\t\t<div class=\"elementor-icon-box-icon\">\n\t\t\t\t<a href=\"https:\/\/closregain.fr\/es\/puntos-de-venta\/\" class=\"elementor-icon\" tabindex=\"-1\" aria-label=\"Puntos de venta\">\n\t\t\t\t<svg xmlns=\"http:\/\/www.w3.org\/2000\/svg\" id=\"Calque_1\" viewBox=\"0 0 64 63.18\"><path d=\"M.5,60.39h63c.28,0,.5-.22.5-.5s-.22-.5-.5-.5h-1.4v-3.23c0-.28-.22-.5-.5-.5h-1.82V20.05c1.85-.3,3.27-1.9,3.27-3.83v-1.49c0-.16-.04-.16-3.26-9.37V.5c0-.28-.22-.5-.5-.5H4.72c-.28,0-.5.22-.5.5v4.84C1.81,12.24.95,14.58.95,14.72v1.49c0,1.93,1.42,3.53,3.26,3.83v35.61h-1.82c-.28,0-.5.22-.5.5v3.23H.5c-.28,0-.5.22-.5.5s.22.5.5.5ZM62.04,16.22c0,1.6-1.3,2.89-2.89,2.89s-2.89-1.37-2.89-2.9c0,0,0,0,0,0v-.98h5.79v.99ZM11.9,30.52l2.07-2.73h14.76l2.07,2.73H11.9ZM29.3,31.52v24.13h-15.89v-24.13h15.89ZM30.3,31.52h1.52c.19,0,.36-.11.45-.28.08-.17.06-.37-.05-.53l-2.83-3.73c-.09-.12-.24-.2-.4-.2h-15.26c-.16,0-.3.07-.4.2l-2.83,3.73c-.11.15-.13.35-.05.53.08.17.26.28.45.28h1.52v24.13h-7.19V20.09c1.24-.12,2.4-.87,3.02-1.97.67,1.18,1.99,1.99,3.4,1.99s2.7-.75,3.39-1.99c.71,1.26,2.07,1.99,3.4,1.99s2.69-.75,3.39-1.99c.67,1.19,1.99,1.99,3.39,1.99s2.7-.75,3.4-1.99c.68,1.21,2.02,1.99,3.39,1.99s2.69-.75,3.39-1.99c.66,1.17,1.97,1.99,3.4,1.99,1.33,0,2.69-.74,3.39-1.99.66,1.18,1.98,1.99,3.4,1.99,1.33,0,2.68-.74,3.39-1.99.53.94,1.5,1.69,2.66,1.91.24.05.48.08.73.08,1.34,0,2.69-.74,3.4-1.99.61,1.08,1.76,1.85,3.02,1.97v35.56h-28.48v-24.13ZM28.1,15.22v.99c0,1.6-1.3,2.89-2.89,2.89s-2.89-1.31-2.89-2.9c0,0,0,0,0,0v-.98s5.79,0,5.79,0ZM22.38,14.22l.97-8.28h5.1l-.32,8.28h-5.74ZM21.37,14.22h-5.73l1.62-8.28h5.09l-.97,8.28ZM21.32,15.22v.99c0,1.6-1.3,2.89-2.89,2.89s-2.89-1.3-2.89-2.89v-.99h5.79ZM14.62,14.22h-5.72l2.27-8.28h5.07l-1.62,8.28ZM14.53,15.22v.98s0,0,0,0c0,1.59-1.29,2.9-2.89,2.9s-2.89-1.3-2.89-2.89v-.99h5.79ZM34.89,15.22v.97s0,.02,0,.02c0,1.59-1.29,2.9-2.89,2.9s-2.89-1.29-2.89-2.9c0,0,0,0,0-.01v-.97s5.79,0,5.79,0ZM29.12,14.22l.32-8.28h5.1l.32,8.28h-5.75ZM49.38,14.22l-1.62-8.28h5.07l2.27,8.28h-5.72ZM55.25,15.22v.99c0,1.55-1.28,2.89-2.89,2.89s-2.89-1.39-2.89-2.9v-.99s5.79,0,5.79,0ZM48.36,14.22h-5.74c-.02-.13-.99-8.43-.97-8.28h5.09l1.62,8.28ZM48.47,15.22v.99c0,1.5-1.24,2.9-2.89,2.9s-2.89-1.3-2.89-2.89v-.99s5.79,0,5.79,0ZM41.68,15.22v.98s0,0,0,0c0,1.6-1.3,2.9-2.89,2.9s-2.89-1.3-2.89-2.89v-.99h5.79ZM35.87,14.22l-.32-8.28h5.1c.01.11,1,8.5.97,8.28h-5.74ZM61.84,14.22h-5.7l-2.27-8.28h5.05l2.91,8.28ZM5.22,1h53.55v3.94H5.22V1ZM5.07,5.94h5.05l-2.27,8.28H2.16l2.91-8.28ZM1.95,16.22v-.99h5.79v.97s0,.01,0,.02c0,1.6-1.29,2.9-2.89,2.9-1.6,0-2.89-1.3-2.89-2.89ZM2.9,56.66h58.2v2.73H2.9v-2.73Z\" style=\"fill:#fff; stroke-width:0px;\"><\/path><path d=\"M5.32,62.18c-.28,0-.5.22-.5.5s.22.5.5.5h9.66c.28,0,.5-.22.5-.5s-.22-.5-.5-.5H5.32Z\" style=\"fill:#fff; stroke-width:0px;\"><\/path><path d=\"M19.92,62.18c-.28,0-.5.22-.5.5s.22.5.5.5h17.9c.28,0,.5-.22.5-.5s-.22-.5-.5-.5h-17.9Z\" style=\"fill:#fff; stroke-width:0px;\"><\/path><path d=\"M43.46,62.18c-.28,0-.5.22-.5.5s.22.5.5.5h15.22c.28,0,.5-.22.5-.5s-.22-.5-.5-.5h-15.22Z\" style=\"fill:#fff; stroke-width:0px;\"><\/path><path d=\"M16.27,53.29h10.17c.28,0,.5-.22.5-.5v-18.41c0-.28-.22-.5-.5-.5h-10.17c-.28,0-.5.22-.5.5v18.41c0,.28.22.5.5.5ZM20.86,52.29h-4.08v-11.71h4.08v11.71ZM25.94,52.29h-4.09v-11.71h4.09v11.71ZM16.77,34.88h9.17v4.7h-9.17v-4.7Z\" style=\"fill:#fff; stroke-width:0px;\"><\/path><path d=\"M45.56,30.85c-2.19,0-3.98,1.78-3.98,3.98s1.78,3.98,3.98,3.98,3.98-1.78,3.98-3.98-1.78-3.98-3.98-3.98ZM45.56,37.81c-1.64,0-2.98-1.34-2.98-2.98s1.34-2.98,2.98-2.98,2.98,1.34,2.98,2.98-1.34,2.98-2.98,2.98Z\" style=\"fill:#fff; stroke-width:0px;\"><\/path><path d=\"M45.56,26.79c-4.43,0-8.04,3.61-8.04,8.04,0,5.99,7.35,14.47,7.66,14.82.09.11.23.17.38.17s.28-.06.38-.17c.31-.36,7.66-8.83,7.66-14.82,0-4.43-3.61-8.04-8.04-8.04ZM45.56,48.55c-1.51-1.83-7.04-8.84-7.04-13.72,0-3.88,3.16-7.04,7.04-7.04s7.04,3.16,7.04,7.04c0,4.88-5.53,11.89-7.04,13.72Z\" style=\"fill:#fff; stroke-width:0px;\"><\/path><\/svg>\t\t\t\t<\/a>\n\t\t\t<\/div>\n\t\t\t\n\t\t\t\t\t\t<div class=\"elementor-icon-box-content\">\n\n\t\t\t\t\t\t\t\t\t<h2 class=\"elementor-icon-box-title\">\n\t\t\t\t\t\t<a href=\"https:\/\/closregain.fr\/es\/puntos-de-venta\/\" >\n\t\t\t\t\t\t\tPuntos de venta\t\t\t\t\t\t<\/a>\n\t\t\t\t\t<\/h2>\n\t\t\t\t\n\t\t\t\t\t\t\t\t\t<p class=\"elementor-icon-box-description\">\n\t\t\t\t\t\t\u00a1Ver!\t\t\t\t\t<\/p>\n\t\t\t\t\n\t\t\t<\/div>\n\t\t\t\n\t\t<\/div>\n\t\t\t\t\t\t<\/div>\n\t\t\t\t<\/div>\n\t\t\t\t<\/div>\n\t\t\t\t\t<\/div>\n\t\t\t\t<\/div>\n\t\t\t\t<\/div>\n\t\t<\/div>\n\t\t\t\t\t\t<\/div>\n\t\t\t\t<\/div>\n\t\t\t\t<\/div>\n\t\t\t\t<\/div>\n\t\t","protected":false},"excerpt":{"rendered":"<p>Leche de vid La bebida nutritiva de los viticultores La fidelidad y la abnegaci\u00f3n siempre deben ser recompensadas. Los recuerdos del dominio est\u00e1n todos habitados por Antoine, fiel trabajador agr\u00edcola, que pas\u00f3 su vida al servicio de un dominio que era para \u00e9l el punto de referencia de su vida. De sus frecuentes visitas a [&hellip;]<\/p>\n","protected":false},"author":1,"featured_media":0,"parent":0,"menu_order":0,"comment_status":"closed","ping_status":"closed","template":"","meta":{"_acf_changed":false,"footnotes":""},"class_list":["post-2763","page","type-page","status-publish","hentry"],"acf":[],"yoast_head":"<!-- This site is optimized with the Yoast SEO Premium plugin v27.1 (Yoast SEO v27.2) - https:\/\/yoast.com\/product\/yoast-seo-premium-wordpress\/ -->\n<title>Vin de France Lait de Vigne: El homenaje a los trabajadores del vino<\/title>\n<meta name=\"description\" content=\"Sum\u00e9rjase en la historia del dominio con Lait de Vigne. Un vino que rinde homenaje a la dedicaci\u00f3n y la generosidad.\" \/>\n<meta name=\"robots\" content=\"index, follow, max-snippet:-1, max-image-preview:large, max-video-preview:-1\" \/>\n<link rel=\"canonical\" href=\"https:\/\/closregain.fr\/es\/leche-de-vid\/\" \/>\n<meta property=\"og:locale\" content=\"es_ES\" \/>\n<meta property=\"og:type\" content=\"article\" \/>\n<meta property=\"og:title\" content=\"Leche de vid\" \/>\n<meta property=\"og:description\" content=\"Sum\u00e9rjase en la historia del dominio con Lait de Vigne. Un vino que rinde homenaje a la dedicaci\u00f3n y la generosidad.\" \/>\n<meta property=\"og:url\" content=\"https:\/\/closregain.fr\/es\/leche-de-vid\/\" \/>\n<meta property=\"og:site_name\" content=\"Clos Regain - Grand vin du Sud-Ouest\" \/>\n<meta property=\"article:modified_time\" content=\"2025-11-04T16:01:22+00:00\" \/>\n<meta name=\"twitter:card\" content=\"summary_large_image\" \/>\n<meta name=\"twitter:label1\" content=\"Tiempo de lectura\" \/>\n\t<meta name=\"twitter:data1\" content=\"1 minuto\" \/>\n<!-- \/ Yoast SEO Premium plugin. -->","yoast_head_json":{"title":"Vin de France Lait de Vigne: El homenaje a los trabajadores del vino","description":"Sum\u00e9rjase en la historia del dominio con Lait de Vigne. Un vino que rinde homenaje a la dedicaci\u00f3n y la generosidad.","robots":{"index":"index","follow":"follow","max-snippet":"max-snippet:-1","max-image-preview":"max-image-preview:large","max-video-preview":"max-video-preview:-1"},"canonical":"https:\/\/closregain.fr\/es\/leche-de-vid\/","og_locale":"es_ES","og_type":"article","og_title":"Leche de vid","og_description":"Sum\u00e9rjase en la historia del dominio con Lait de Vigne. Un vino que rinde homenaje a la dedicaci\u00f3n y la generosidad.","og_url":"https:\/\/closregain.fr\/es\/leche-de-vid\/","og_site_name":"Clos Regain - Grand vin du Sud-Ouest","article_modified_time":"2025-11-04T16:01:22+00:00","twitter_card":"summary_large_image","twitter_misc":{"Tiempo de lectura":"1 minuto"},"schema":{"@context":"https:\/\/schema.org","@graph":[{"@type":"WebPage","@id":"https:\/\/closregain.fr\/es\/leche-de-vid\/","url":"https:\/\/closregain.fr\/es\/leche-de-vid\/","name":"Vin de France Lait de Vigne: El homenaje a los trabajadores del vino","isPartOf":{"@id":"https:\/\/closregain.fr\/es\/#website"},"datePublished":"2024-04-09T11:16:08+00:00","dateModified":"2025-11-04T16:01:22+00:00","description":"Sum\u00e9rjase en la historia del dominio con Lait de Vigne. Un vino que rinde homenaje a la dedicaci\u00f3n y la generosidad.","breadcrumb":{"@id":"https:\/\/closregain.fr\/es\/leche-de-vid\/#breadcrumb"},"inLanguage":"es","potentialAction":[{"@type":"ReadAction","target":["https:\/\/closregain.fr\/es\/leche-de-vid\/"]}]},{"@type":"BreadcrumbList","@id":"https:\/\/closregain.fr\/es\/leche-de-vid\/#breadcrumb","itemListElement":[{"@type":"ListItem","position":1,"name":"Accueil","item":"https:\/\/closregain.fr\/es\/clos-regain\/"},{"@type":"ListItem","position":2,"name":"Leche de vid"}]},{"@type":"WebSite","@id":"https:\/\/closregain.fr\/es\/#website","url":"https:\/\/closregain.fr\/es\/","name":"Clos Regain - Grand vin du Sud-Ouest","description":"Grand vin du Sud-Ouest","publisher":{"@id":"https:\/\/closregain.fr\/es\/#organization"},"potentialAction":[{"@type":"SearchAction","target":{"@type":"EntryPoint","urlTemplate":"https:\/\/closregain.fr\/es\/?s={search_term_string}"},"query-input":{"@type":"PropertyValueSpecification","valueRequired":true,"valueName":"search_term_string"}}],"inLanguage":"es"},{"@type":"Organization","@id":"https:\/\/closregain.fr\/es\/#organization","name":"Clos Regain - Grand vin du Sud-Ouest","url":"https:\/\/closregain.fr\/es\/","logo":{"@type":"ImageObject","inLanguage":"es","@id":"https:\/\/closregain.fr\/es\/#\/schema\/logo\/image\/","url":"https:\/\/closregain.fr\/wp-content\/uploads\/2024\/01\/logo-Clos-Regain-blanc-web.png","contentUrl":"https:\/\/closregain.fr\/wp-content\/uploads\/2024\/01\/logo-Clos-Regain-blanc-web.png","width":1000,"height":386,"caption":"Clos Regain - Grand vin du Sud-Ouest"},"image":{"@id":"https:\/\/closregain.fr\/es\/#\/schema\/logo\/image\/"}}]}},"_links":{"self":[{"href":"https:\/\/closregain.fr\/es\/wp-json\/wp\/v2\/pages\/2763","targetHints":{"allow":["GET"]}}],"collection":[{"href":"https:\/\/closregain.fr\/es\/wp-json\/wp\/v2\/pages"}],"about":[{"href":"https:\/\/closregain.fr\/es\/wp-json\/wp\/v2\/types\/page"}],"author":[{"embeddable":true,"href":"https:\/\/closregain.fr\/es\/wp-json\/wp\/v2\/users\/1"}],"replies":[{"embeddable":true,"href":"https:\/\/closregain.fr\/es\/wp-json\/wp\/v2\/comments?post=2763"}],"version-history":[{"count":0,"href":"https:\/\/closregain.fr\/es\/wp-json\/wp\/v2\/pages\/2763\/revisions"}],"wp:attachment":[{"href":"https:\/\/closregain.fr\/es\/wp-json\/wp\/v2\/media?parent=2763"}],"curies":[{"name":"wp","href":"https:\/\/api.w.org\/{rel}","templated":true}]}}