{"id":2761,"date":"2024-04-16T11:26:42","date_gmt":"2024-04-16T11:26:42","guid":{"rendered":"https:\/\/closregain.fr\/reservar-una-visita\/"},"modified":"2025-11-04T16:01:05","modified_gmt":"2025-11-04T16:01:05","slug":"reservar-una-visita","status":"publish","type":"page","link":"https:\/\/closregain.fr\/es\/reservar-una-visita\/","title":{"rendered":"Reservar una visita"},"content":{"rendered":"\t\t<div data-elementor-type=\"wp-page\" data-elementor-id=\"2761\" class=\"elementor elementor-2761 elementor-891\" data-elementor-post-type=\"page\">\n\t\t\t\t<div class=\"elementor-element elementor-element-f6fb0ed e-flex e-con-boxed e-con e-parent\" data-id=\"f6fb0ed\" data-element_type=\"container\" data-e-type=\"container\" data-settings=\"{&quot;jet_parallax_layout_list&quot;:[]}\">\n\t\t\t\t\t<div class=\"e-con-inner\">\n\t\t\t\t<div class=\"elementor-element elementor-element-ee54788 elementor-widget elementor-widget-heading\" data-id=\"ee54788\" data-element_type=\"widget\" data-e-type=\"widget\" data-widget_type=\"heading.default\">\n\t\t\t\t<div class=\"elementor-widget-container\">\n\t\t\t\t\t<h1 class=\"elementor-heading-title elementor-size-default\">Visita de la finca<\/h1>\t\t\t\t<\/div>\n\t\t\t\t<\/div>\n\t\t\t\t\t<\/div>\n\t\t\t\t<\/div>\n\t\t<div class=\"elementor-element elementor-element-386d670 e-flex e-con-boxed e-con e-parent\" data-id=\"386d670\" data-element_type=\"container\" data-e-type=\"container\" data-settings=\"{&quot;jet_parallax_layout_list&quot;:[]}\">\n\t\t\t\t\t<div class=\"e-con-inner\">\n\t\t<div class=\"elementor-element elementor-element-ded82e5 e-con-full e-flex e-con e-child\" data-id=\"ded82e5\" data-element_type=\"container\" data-e-type=\"container\" data-settings=\"{&quot;jet_parallax_layout_list&quot;:[]}\">\n\t\t\t\t<div data-dce-title-color=\"#000000\" class=\"elementor-element elementor-element-11b2152 elementor-widget elementor-widget-heading\" data-id=\"11b2152\" data-element_type=\"widget\" data-e-type=\"widget\" data-widget_type=\"heading.default\">\n\t\t\t\t<div class=\"elementor-widget-container\">\n\t\t\t\t\t<h2 class=\"elementor-heading-title elementor-size-default\">Visita y degustaci\u00f3n<\/h2>\t\t\t\t<\/div>\n\t\t\t\t<\/div>\n\t\t\t\t<div class=\"elementor-element elementor-element-f882066 dce_masking-none elementor-widget elementor-widget-image\" data-id=\"f882066\" data-element_type=\"widget\" data-e-type=\"widget\" data-widget_type=\"image.default\">\n\t\t\t\t<div class=\"elementor-widget-container\">\n\t\t\t\t\t\t\t\t\t\t\t\t\t\t\t<img fetchpriority=\"high\" decoding=\"async\" width=\"800\" height=\"534\" src=\"https:\/\/closregain.fr\/wp-content\/uploads\/2024\/05\/zan-lazarevic-WrueFKpTlQs-unsplash-1024x683.jpg\" class=\"attachment-large size-large wp-image-2703\" alt=\"\" srcset=\"https:\/\/closregain.fr\/wp-content\/uploads\/2024\/05\/zan-lazarevic-WrueFKpTlQs-unsplash-1024x683.jpg 1024w, https:\/\/closregain.fr\/wp-content\/uploads\/2024\/05\/zan-lazarevic-WrueFKpTlQs-unsplash-300x200.jpg 300w, https:\/\/closregain.fr\/wp-content\/uploads\/2024\/05\/zan-lazarevic-WrueFKpTlQs-unsplash-768x512.jpg 768w, https:\/\/closregain.fr\/wp-content\/uploads\/2024\/05\/zan-lazarevic-WrueFKpTlQs-unsplash-1536x1024.jpg 1536w, https:\/\/closregain.fr\/wp-content\/uploads\/2024\/05\/zan-lazarevic-WrueFKpTlQs-unsplash-scaled.jpg 2048w, https:\/\/closregain.fr\/wp-content\/uploads\/2024\/05\/zan-lazarevic-WrueFKpTlQs-unsplash-600x400.jpg 600w\" sizes=\"(max-width: 800px) 100vw, 800px\" \/>\t\t\t\t\t\t\t\t\t\t\t\t\t\t\t<\/div>\n\t\t\t\t<\/div>\n\t\t\t\t<div class=\"elementor-element elementor-element-f739f23 elementor-widget elementor-widget-text-editor\" data-id=\"f739f23\" data-element_type=\"widget\" data-e-type=\"widget\" data-widget_type=\"text-editor.default\">\n\t\t\t\t<div class=\"elementor-widget-container\">\n\t\t\t\t\t\t\t\t\t<p>Degustaci\u00f3n gratuita y venta en la finca<\/p><p><strong>5 \u20ac\/persona (se recomienda reservar)<\/strong><\/p><p>Visita gratuita a partir de la compra de 3 botellas<\/p>\t\t\t\t\t\t\t\t<\/div>\n\t\t\t\t<\/div>\n\t\t\t\t<\/div>\n\t\t<div class=\"elementor-element elementor-element-78444b8 e-con-full e-flex e-con e-child\" data-id=\"78444b8\" data-element_type=\"container\" data-e-type=\"container\" data-settings=\"{&quot;jet_parallax_layout_list&quot;:[]}\">\n\t\t\t\t<div data-dce-title-color=\"#000000\" class=\"elementor-element elementor-element-a14992a elementor-widget elementor-widget-heading\" data-id=\"a14992a\" data-element_type=\"widget\" data-e-type=\"widget\" data-widget_type=\"heading.default\">\n\t\t\t\t<div class=\"elementor-widget-container\">\n\t\t\t\t\t<h2 class=\"elementor-heading-title elementor-size-default\">Paquete visita gastron\u00f3mica<\/h2>\t\t\t\t<\/div>\n\t\t\t\t<\/div>\n\t\t\t\t<div class=\"elementor-element elementor-element-f47ee72 dce_masking-none elementor-widget elementor-widget-image\" data-id=\"f47ee72\" data-element_type=\"widget\" data-e-type=\"widget\" data-widget_type=\"image.default\">\n\t\t\t\t<div class=\"elementor-widget-container\">\n\t\t\t\t\t\t\t\t\t\t\t\t\t\t\t<img decoding=\"async\" width=\"800\" height=\"534\" src=\"https:\/\/closregain.fr\/wp-content\/uploads\/2024\/05\/casse-croute-\u00a9l.pascal-1024x683.jpg\" class=\"attachment-large size-large wp-image-2704\" alt=\"\" srcset=\"https:\/\/closregain.fr\/wp-content\/uploads\/2024\/05\/casse-croute-\u00a9l.pascal-1024x683.jpg 1024w, https:\/\/closregain.fr\/wp-content\/uploads\/2024\/05\/casse-croute-\u00a9l.pascal-300x200.jpg 300w, https:\/\/closregain.fr\/wp-content\/uploads\/2024\/05\/casse-croute-\u00a9l.pascal-768x512.jpg 768w, https:\/\/closregain.fr\/wp-content\/uploads\/2024\/05\/casse-croute-\u00a9l.pascal-1536x1024.jpg 1536w, https:\/\/closregain.fr\/wp-content\/uploads\/2024\/05\/casse-croute-\u00a9l.pascal-scaled.jpg 2048w, https:\/\/closregain.fr\/wp-content\/uploads\/2024\/05\/casse-croute-\u00a9l.pascal-600x400.jpg 600w\" sizes=\"(max-width: 800px) 100vw, 800px\" \/>\t\t\t\t\t\t\t\t\t\t\t\t\t\t\t<\/div>\n\t\t\t\t<\/div>\n\t\t\t\t<div class=\"elementor-element elementor-element-c806778 elementor-widget elementor-widget-text-editor\" data-id=\"c806778\" data-element_type=\"widget\" data-e-type=\"widget\" data-widget_type=\"text-editor.default\">\n\t\t\t\t<div class=\"elementor-widget-container\">\n\t\t\t\t\t\t\t\t\t<p>Visita a la finca y degustaci\u00f3n, maridaje de vinos y tabla mixta de embutidos y quesos, incluyendo 1 botella de vino para 2 personas<\/p><p><strong>15 \u20ac \/ persona<\/strong><\/p><p>Duraci\u00f3n: Aproximadamente 1h30<\/p><p>Reserva en l\u00ednea con 48 horas de antelaci\u00f3n<\/p><p>Para grupos de m\u00e1s de 10 personas, cons\u00faltenos<\/p>\t\t\t\t\t\t\t\t<\/div>\n\t\t\t\t<\/div>\n\t\t\t\t<\/div>\n\t\t<div class=\"elementor-element elementor-element-8b4bd31 e-con-full e-flex e-con e-child\" data-id=\"8b4bd31\" data-element_type=\"container\" data-e-type=\"container\" data-settings=\"{&quot;jet_parallax_layout_list&quot;:[]}\">\n\t\t\t\t<div data-dce-title-color=\"#000000\" class=\"elementor-element elementor-element-f77f536 elementor-widget elementor-widget-heading\" data-id=\"f77f536\" data-element_type=\"widget\" data-e-type=\"widget\" data-widget_type=\"heading.default\">\n\t\t\t\t<div class=\"elementor-widget-container\">\n\t\t\t\t\t<h2 class=\"elementor-heading-title elementor-size-default\">Oeno'Game<\/h2>\t\t\t\t<\/div>\n\t\t\t\t<\/div>\n\t\t\t\t<div class=\"elementor-element elementor-element-3c743b0 dce_masking-none elementor-widget elementor-widget-image\" data-id=\"3c743b0\" data-element_type=\"widget\" data-e-type=\"widget\" data-widget_type=\"image.default\">\n\t\t\t\t<div class=\"elementor-widget-container\">\n\t\t\t\t\t\t\t\t\t\t\t\t\t\t\t<img decoding=\"async\" width=\"800\" height=\"533\" src=\"https:\/\/closregain.fr\/wp-content\/uploads\/2024\/05\/EricTraversie-1009-1024x682.jpg\" class=\"attachment-large size-large wp-image-2705\" alt=\"\" srcset=\"https:\/\/closregain.fr\/wp-content\/uploads\/2024\/05\/EricTraversie-1009-1024x682.jpg 1024w, https:\/\/closregain.fr\/wp-content\/uploads\/2024\/05\/EricTraversie-1009-300x200.jpg 300w, https:\/\/closregain.fr\/wp-content\/uploads\/2024\/05\/EricTraversie-1009-768x512.jpg 768w, https:\/\/closregain.fr\/wp-content\/uploads\/2024\/05\/EricTraversie-1009-1536x1023.jpg 1536w, https:\/\/closregain.fr\/wp-content\/uploads\/2024\/05\/EricTraversie-1009-scaled.jpg 2048w, https:\/\/closregain.fr\/wp-content\/uploads\/2024\/05\/EricTraversie-1009-600x400.jpg 600w\" sizes=\"(max-width: 800px) 100vw, 800px\" \/>\t\t\t\t\t\t\t\t\t\t\t\t\t\t\t<\/div>\n\t\t\t\t<\/div>\n\t\t\t\t<div class=\"elementor-element elementor-element-df8d939 elementor-widget elementor-widget-text-editor\" data-id=\"df8d939\" data-element_type=\"widget\" data-e-type=\"widget\" data-widget_type=\"text-editor.default\">\n\t\t\t\t<div class=\"elementor-widget-container\">\n\t\t\t\t\t\t\t\t\t<p>Juego de enigmas al aire libre, l\u00fadico, divertido y pedag\u00f3gico para aprender m\u00e1s sobre nuestra finca y el mundo del vino.<\/p><p>Resuelva los enigmas y descubra el misterio de Clos Regain.<\/p><p><strong>5 \u20ac \/ persona<\/strong><\/p><p>Reserva en l\u00ednea o llamando al 05 59 21 72 79<\/p><p>A partir de 2 personas<\/p><p>1 hora de juego y una degustaci\u00f3n gratuita al final de la partida<\/p><p><a href=\"https:\/\/closregain.fr\/es\/blog\/2024\/06\/27\/oenogame\/\"><em>Saber m\u00e1s &gt;&gt;<\/em><\/a><\/p>\t\t\t\t\t\t\t\t<\/div>\n\t\t\t\t<\/div>\n\t\t\t\t<\/div>\n\t\t\t\t\t<\/div>\n\t\t\t\t<\/div>\n\t\t<div class=\"elementor-element elementor-element-86f0483 e-flex e-con-boxed e-con e-parent\" data-id=\"86f0483\" data-element_type=\"container\" data-e-type=\"container\" data-settings=\"{&quot;jet_parallax_layout_list&quot;:[]}\">\n\t\t\t\t\t<div class=\"e-con-inner\">\n\t\t\t\t<div class=\"elementor-element elementor-element-814afc7 elementor-widget elementor-widget-text-editor\" data-id=\"814afc7\" data-element_type=\"widget\" data-e-type=\"widget\" data-widget_type=\"text-editor.default\">\n\t\t\t\t<div class=\"elementor-widget-container\">\n\t\t\t\t\t\t\t\t\t<p>Abierto de lunes a viernes de 9h a 16h30 del 15\/06 al 15\/09, los s\u00e1bados de 10h a 17h<\/p>\t\t\t\t\t\t\t\t<\/div>\n\t\t\t\t<\/div>\n\t\t\t\t\t<\/div>\n\t\t\t\t<\/div>\n\t\t<div class=\"elementor-element elementor-element-1682474 e-flex e-con-boxed e-con e-parent\" data-id=\"1682474\" data-element_type=\"container\" data-e-type=\"container\" data-settings=\"{&quot;jet_parallax_layout_list&quot;:[]}\">\n\t\t\t\t\t<div class=\"e-con-inner\">\n\t\t\t\t<div class=\"elementor-element elementor-element-5220faf elementor-widget elementor-widget-stepbooking\" data-id=\"5220faf\" data-element_type=\"widget\" data-e-type=\"widget\" data-widget_type=\"stepbooking.default\">\n\t\t\t\t<div class=\"elementor-widget-container\">\n\t\t\t\t\t\n<script>\n  if (typeof hasAmeliaEntitiesApiCall === 'undefined' && ('' === '' && '' !== '1')) {\n    var hasAmeliaEntitiesApiCall = true;\n  }\n  var ameliaShortcodeData = (typeof ameliaShortcodeData === 'undefined') ? [] : ameliaShortcodeData;\n  ameliaShortcodeData.push(\n    {\n      'hasApiCall': (typeof hasAmeliaEntitiesApiCall !== 'undefined') && hasAmeliaEntitiesApiCall,\n      'trigger': '',\n      'trigger_type': '',\n      'triggered_form': 'sbsNew',\n      'in_dialog': '',\n      'show': '',\n      'counter': '1000',\n      'category': '1',\n      'service': '',\n      'employee': '1,2',\n      'location': '',\n      'package': '',\n      'layout': '1',\n    }\n  );\n\n  var ameliaShortcodeDataTriggered = (typeof ameliaShortcodeDataTriggered === 'undefined') ? [] : ameliaShortcodeDataTriggered;\n  if (ameliaShortcodeData[ameliaShortcodeData.length - 1].trigger !== '') {\n    if (ameliaShortcodeDataTriggered.filter(a => a.counter === ameliaShortcodeData[ameliaShortcodeData.length - 1].counter).length === 0) {\n      ameliaShortcodeDataTriggered.push(ameliaShortcodeData.pop());\n    } else {\n      ameliaShortcodeData.pop()\n    }\n  }\n  if (typeof hasAmeliaEntitiesApiCall !== 'undefined' && hasAmeliaEntitiesApiCall) {\n    hasAmeliaEntitiesApiCall = false;\n  }\n<\/script>\n\n<div\n  id=\"amelia-v2-booking-1000\"\n  class=\"amelia-v2-booking\"\n >\n    <step-form-wrapper><\/step-form-wrapper><\/div>\n\t\t\t\t<\/div>\n\t\t\t\t<\/div>\n\t\t\t\t\t<\/div>\n\t\t\t\t<\/div>\n\t\t<div class=\"elementor-element elementor-element-2317265 e-flex e-con-boxed e-con e-parent\" data-id=\"2317265\" data-element_type=\"container\" data-e-type=\"container\" data-settings=\"{&quot;jet_parallax_layout_list&quot;:[]}\">\n\t\t\t\t\t<div class=\"e-con-inner\">\n\t\t\t\t<div class=\"elementor-element elementor-element-ab6a5f5 elementor-widget elementor-widget-gallery\" data-id=\"ab6a5f5\" data-element_type=\"widget\" data-e-type=\"widget\" data-settings=\"{&quot;aspect_ratio&quot;:&quot;4:3&quot;,&quot;columns_tablet&quot;:4,&quot;columns_mobile&quot;:2,&quot;lazyload&quot;:&quot;yes&quot;,&quot;gallery_layout&quot;:&quot;grid&quot;,&quot;columns&quot;:4,&quot;gap&quot;:{&quot;unit&quot;:&quot;px&quot;,&quot;size&quot;:10,&quot;sizes&quot;:[]},&quot;gap_widescreen&quot;:{&quot;unit&quot;:&quot;px&quot;,&quot;size&quot;:&quot;&quot;,&quot;sizes&quot;:[]},&quot;gap_laptop&quot;:{&quot;unit&quot;:&quot;px&quot;,&quot;size&quot;:10,&quot;sizes&quot;:[]},&quot;gap_tablet_extra&quot;:{&quot;unit&quot;:&quot;px&quot;,&quot;size&quot;:10,&quot;sizes&quot;:[]},&quot;gap_tablet&quot;:{&quot;unit&quot;:&quot;px&quot;,&quot;size&quot;:10,&quot;sizes&quot;:[]},&quot;gap_mobile&quot;:{&quot;unit&quot;:&quot;px&quot;,&quot;size&quot;:10,&quot;sizes&quot;:[]},&quot;overlay_background&quot;:&quot;yes&quot;,&quot;content_hover_animation&quot;:&quot;fade-in&quot;}\" data-widget_type=\"gallery.default\">\n\t\t\t\t<div class=\"elementor-widget-container\">\n\t\t\t\t\t\t\t<div class=\"elementor-gallery__container\">\n\t\t\t\t\t\t\t<div class=\"e-gallery-item elementor-gallery-item elementor-animated-content\">\n\t\t\t\t\t<div class=\"e-gallery-image elementor-gallery-item__image\" data-thumbnail=\"https:\/\/closregain.fr\/wp-content\/uploads\/2024\/05\/crCasse-croute-vigneron-Pyrenees-tourisme\u00a9l.pascal-283x300.jpg\" data-width=\"283\" data-height=\"300\" aria-label=\"\" role=\"img\" ><\/div>\n\t\t\t\t\t\t\t\t\t\t\t<div class=\"elementor-gallery-item__overlay\"><\/div>\n\t\t\t\t\t\t\t\t\t\t\t\t\t\t<\/div>\n\t\t\t\t\t\t\t<div class=\"e-gallery-item elementor-gallery-item elementor-animated-content\">\n\t\t\t\t\t<div class=\"e-gallery-image elementor-gallery-item__image\" data-thumbnail=\"https:\/\/closregain.fr\/wp-content\/uploads\/2024\/05\/piquenique\u00a9laurent.pascal-300x200.jpg\" data-width=\"300\" data-height=\"200\" aria-label=\"\" role=\"img\" ><\/div>\n\t\t\t\t\t\t\t\t\t\t\t<div class=\"elementor-gallery-item__overlay\"><\/div>\n\t\t\t\t\t\t\t\t\t\t\t\t\t\t<\/div>\n\t\t\t\t\t\t\t<div class=\"e-gallery-item elementor-gallery-item elementor-animated-content\">\n\t\t\t\t\t<div class=\"e-gallery-image elementor-gallery-item__image\" data-thumbnail=\"https:\/\/closregain.fr\/wp-content\/uploads\/2024\/05\/crplateau-fromage-portrait-Pau-Pyrenees-tourisme\u00a9l.pascal-300x206.jpg\" data-width=\"300\" data-height=\"206\" aria-label=\"\" role=\"img\" ><\/div>\n\t\t\t\t\t\t\t\t\t\t\t<div class=\"elementor-gallery-item__overlay\"><\/div>\n\t\t\t\t\t\t\t\t\t\t\t\t\t\t<\/div>\n\t\t\t\t\t\t\t<div class=\"e-gallery-item elementor-gallery-item elementor-animated-content\">\n\t\t\t\t\t<div class=\"e-gallery-image elementor-gallery-item__image\" data-thumbnail=\"https:\/\/closregain.fr\/wp-content\/uploads\/2024\/05\/casse-croute-\u00a9l.pascal-300x200.jpg\" data-width=\"300\" data-height=\"200\" aria-label=\"\" role=\"img\" ><\/div>\n\t\t\t\t\t\t\t\t\t\t\t<div class=\"elementor-gallery-item__overlay\"><\/div>\n\t\t\t\t\t\t\t\t\t\t\t\t\t\t<\/div>\n\t\t\t\t\t<\/div>\n\t\t\t\t\t<\/div>\n\t\t\t\t<\/div>\n\t\t\t\t\t<\/div>\n\t\t\t\t<\/div>\n\t\t<div class=\"elementor-element elementor-element-02881f0 e-con-full e-flex e-con e-parent\" data-id=\"02881f0\" data-element_type=\"container\" data-e-type=\"container\" data-settings=\"{&quot;background_background&quot;:&quot;classic&quot;,&quot;jet_parallax_layout_list&quot;:[]}\">\n\t\t<div class=\"elementor-element elementor-element-c21beaf e-con-full e-flex e-con e-child\" data-id=\"c21beaf\" data-element_type=\"container\" data-e-type=\"container\" data-settings=\"{&quot;jet_parallax_layout_list&quot;:[]}\">\n\t\t<div class=\"elementor-element elementor-element-da81243 e-con-full e-flex e-con e-child\" data-id=\"da81243\" data-element_type=\"container\" data-e-type=\"container\" data-settings=\"{&quot;jet_parallax_layout_list&quot;:[]}\">\n\t\t\t\t<div data-dce-title-color=\"#000000\" class=\"elementor-element elementor-element-95a8a58 elementor-widget elementor-widget-icon-box\" data-id=\"95a8a58\" data-element_type=\"widget\" data-e-type=\"widget\" data-widget_type=\"icon-box.default\">\n\t\t\t\t<div class=\"elementor-widget-container\">\n\t\t\t\t\t\t\t<div class=\"elementor-icon-box-wrapper\">\n\n\t\t\t\n\t\t\t\t\t\t<div class=\"elementor-icon-box-content\">\n\n\t\t\t\t\t\t\t\t\t<h2 class=\"elementor-icon-box-title\">\n\t\t\t\t\t\t<span  >\n\t\t\t\t\t\t\tPara cualquier pregunta\t\t\t\t\t\t<\/span>\n\t\t\t\t\t<\/h2>\n\t\t\t\t\n\t\t\t\t\t\t\t\t\t<p class=\"elementor-icon-box-description\">\n\t\t\t\t\t\tNo dude en contactarnos <br>+33(0)5 59 21 72 79\t\t\t\t\t<\/p>\n\t\t\t\t\n\t\t\t<\/div>\n\t\t\t\n\t\t<\/div>\n\t\t\t\t\t\t<\/div>\n\t\t\t\t<\/div>\n\t\t\t\t<\/div>\n\t\t\t\t<\/div>\n\t\t\t\t<\/div>\n\t\t\t\t<\/div>\n\t\t","protected":false},"excerpt":{"rendered":"<p>Visita de la finca Visita y degustaci\u00f3n Degustaci\u00f3n gratuita y venta en la finca 5 \u20ac\/persona (se recomienda reservar) Visita gratuita a partir de la compra de 3 botellas Paquete visita gastron\u00f3mica Visita a la finca y degustaci\u00f3n, maridaje de vinos y tabla mixta de embutidos y quesos, incluyendo 1 botella de vino para 2 [&hellip;]<\/p>\n","protected":false},"author":1,"featured_media":0,"parent":0,"menu_order":0,"comment_status":"closed","ping_status":"closed","template":"","meta":{"_acf_changed":false,"footnotes":""},"class_list":["post-2761","page","type-page","status-publish","hentry"],"acf":[],"yoast_head":"<!-- This site is optimized with the Yoast SEO Premium plugin v27.1 (Yoast SEO v27.2) - https:\/\/yoast.com\/product\/yoast-seo-premium-wordpress\/ -->\n<title>Reservar una visita - Clos Regain - Grand vin du Sud-Ouest<\/title>\n<meta name=\"robots\" content=\"index, follow, max-snippet:-1, max-image-preview:large, max-video-preview:-1\" \/>\n<link rel=\"canonical\" href=\"https:\/\/closregain.fr\/es\/reservar-una-visita\/\" \/>\n<meta property=\"og:locale\" content=\"es_ES\" \/>\n<meta property=\"og:type\" content=\"article\" \/>\n<meta property=\"og:title\" content=\"Reservar una visita\" \/>\n<meta property=\"og:description\" content=\"Visita de la finca Visita y degustaci\u00f3n Degustaci\u00f3n gratuita y venta en la finca 5 \u20ac\/persona (se recomienda reservar) Visita gratuita a partir de la compra de 3 botellas Paquete visita gastron\u00f3mica Visita a la finca y degustaci\u00f3n, maridaje de vinos y tabla mixta de embutidos y quesos, incluyendo 1 botella de vino para 2 [&hellip;]\" \/>\n<meta property=\"og:url\" content=\"https:\/\/closregain.fr\/es\/reservar-una-visita\/\" \/>\n<meta property=\"og:site_name\" content=\"Clos Regain - Grand vin du Sud-Ouest\" \/>\n<meta property=\"article:modified_time\" content=\"2025-11-04T16:01:05+00:00\" \/>\n<meta property=\"og:image\" content=\"https:\/\/closregain.fr\/wp-content\/uploads\/2024\/05\/zan-lazarevic-WrueFKpTlQs-unsplash-scaled.jpg\" \/>\n\t<meta property=\"og:image:width\" content=\"2048\" \/>\n\t<meta property=\"og:image:height\" content=\"1365\" \/>\n\t<meta property=\"og:image:type\" content=\"image\/jpeg\" \/>\n<meta name=\"twitter:card\" content=\"summary_large_image\" \/>\n<meta name=\"twitter:label1\" content=\"Tiempo de lectura\" \/>\n\t<meta name=\"twitter:data1\" content=\"1 minuto\" \/>\n<!-- \/ Yoast SEO Premium plugin. -->","yoast_head_json":{"title":"Reservar una visita - Clos Regain - Grand vin du Sud-Ouest","robots":{"index":"index","follow":"follow","max-snippet":"max-snippet:-1","max-image-preview":"max-image-preview:large","max-video-preview":"max-video-preview:-1"},"canonical":"https:\/\/closregain.fr\/es\/reservar-una-visita\/","og_locale":"es_ES","og_type":"article","og_title":"Reservar una visita","og_description":"Visita de la finca Visita y degustaci\u00f3n Degustaci\u00f3n gratuita y venta en la finca 5 \u20ac\/persona (se recomienda reservar) Visita gratuita a partir de la compra de 3 botellas Paquete visita gastron\u00f3mica Visita a la finca y degustaci\u00f3n, maridaje de vinos y tabla mixta de embutidos y quesos, incluyendo 1 botella de vino para 2 [&hellip;]","og_url":"https:\/\/closregain.fr\/es\/reservar-una-visita\/","og_site_name":"Clos Regain - Grand vin du Sud-Ouest","article_modified_time":"2025-11-04T16:01:05+00:00","og_image":[{"width":2048,"height":1365,"url":"https:\/\/closregain.fr\/wp-content\/uploads\/2024\/05\/zan-lazarevic-WrueFKpTlQs-unsplash-scaled.jpg","type":"image\/jpeg"}],"twitter_card":"summary_large_image","twitter_misc":{"Tiempo de lectura":"1 minuto"},"schema":{"@context":"https:\/\/schema.org","@graph":[{"@type":"WebPage","@id":"https:\/\/closregain.fr\/es\/reservar-una-visita\/","url":"https:\/\/closregain.fr\/es\/reservar-una-visita\/","name":"Reservar una visita - Clos Regain - Grand vin du Sud-Ouest","isPartOf":{"@id":"https:\/\/closregain.fr\/es\/#website"},"primaryImageOfPage":{"@id":"https:\/\/closregain.fr\/es\/reservar-una-visita\/#primaryimage"},"image":{"@id":"https:\/\/closregain.fr\/es\/reservar-una-visita\/#primaryimage"},"thumbnailUrl":"https:\/\/closregain.fr\/wp-content\/uploads\/2024\/05\/zan-lazarevic-WrueFKpTlQs-unsplash-1024x683.jpg","datePublished":"2024-04-16T11:26:42+00:00","dateModified":"2025-11-04T16:01:05+00:00","breadcrumb":{"@id":"https:\/\/closregain.fr\/es\/reservar-una-visita\/#breadcrumb"},"inLanguage":"es","potentialAction":[{"@type":"ReadAction","target":["https:\/\/closregain.fr\/es\/reservar-una-visita\/"]}]},{"@type":"ImageObject","inLanguage":"es","@id":"https:\/\/closregain.fr\/es\/reservar-una-visita\/#primaryimage","url":"https:\/\/closregain.fr\/wp-content\/uploads\/2024\/05\/zan-lazarevic-WrueFKpTlQs-unsplash-1024x683.jpg","contentUrl":"https:\/\/closregain.fr\/wp-content\/uploads\/2024\/05\/zan-lazarevic-WrueFKpTlQs-unsplash-1024x683.jpg"},{"@type":"BreadcrumbList","@id":"https:\/\/closregain.fr\/es\/reservar-una-visita\/#breadcrumb","itemListElement":[{"@type":"ListItem","position":1,"name":"Accueil","item":"https:\/\/closregain.fr\/es\/clos-regain\/"},{"@type":"ListItem","position":2,"name":"Reservar una visita"}]},{"@type":"WebSite","@id":"https:\/\/closregain.fr\/es\/#website","url":"https:\/\/closregain.fr\/es\/","name":"Clos Regain - Grand vin du Sud-Ouest","description":"Grand vin du Sud-Ouest","publisher":{"@id":"https:\/\/closregain.fr\/es\/#organization"},"potentialAction":[{"@type":"SearchAction","target":{"@type":"EntryPoint","urlTemplate":"https:\/\/closregain.fr\/es\/?s={search_term_string}"},"query-input":{"@type":"PropertyValueSpecification","valueRequired":true,"valueName":"search_term_string"}}],"inLanguage":"es"},{"@type":"Organization","@id":"https:\/\/closregain.fr\/es\/#organization","name":"Clos Regain - Grand vin du Sud-Ouest","url":"https:\/\/closregain.fr\/es\/","logo":{"@type":"ImageObject","inLanguage":"es","@id":"https:\/\/closregain.fr\/es\/#\/schema\/logo\/image\/","url":"https:\/\/closregain.fr\/wp-content\/uploads\/2024\/01\/logo-Clos-Regain-blanc-web.png","contentUrl":"https:\/\/closregain.fr\/wp-content\/uploads\/2024\/01\/logo-Clos-Regain-blanc-web.png","width":1000,"height":386,"caption":"Clos Regain - Grand vin du Sud-Ouest"},"image":{"@id":"https:\/\/closregain.fr\/es\/#\/schema\/logo\/image\/"}}]}},"_links":{"self":[{"href":"https:\/\/closregain.fr\/es\/wp-json\/wp\/v2\/pages\/2761","targetHints":{"allow":["GET"]}}],"collection":[{"href":"https:\/\/closregain.fr\/es\/wp-json\/wp\/v2\/pages"}],"about":[{"href":"https:\/\/closregain.fr\/es\/wp-json\/wp\/v2\/types\/page"}],"author":[{"embeddable":true,"href":"https:\/\/closregain.fr\/es\/wp-json\/wp\/v2\/users\/1"}],"replies":[{"embeddable":true,"href":"https:\/\/closregain.fr\/es\/wp-json\/wp\/v2\/comments?post=2761"}],"version-history":[{"count":0,"href":"https:\/\/closregain.fr\/es\/wp-json\/wp\/v2\/pages\/2761\/revisions"}],"wp:attachment":[{"href":"https:\/\/closregain.fr\/es\/wp-json\/wp\/v2\/media?parent=2761"}],"curies":[{"name":"wp","href":"https:\/\/api.w.org\/{rel}","templated":true}]}}