{"id":2676,"date":"2024-03-25T14:09:10","date_gmt":"2024-03-25T14:09:10","guid":{"rendered":"https:\/\/closregain.fr\/aviso-legal\/"},"modified":"2025-11-04T15:57:55","modified_gmt":"2025-11-04T15:57:55","slug":"aviso-legal","status":"publish","type":"page","link":"https:\/\/closregain.fr\/es\/aviso-legal\/","title":{"rendered":"Aviso legal"},"content":{"rendered":"\t\t<div data-elementor-type=\"wp-page\" data-elementor-id=\"2676\" class=\"elementor elementor-2676 elementor-262\" data-elementor-post-type=\"page\">\n\t\t\t\t<div class=\"elementor-element elementor-element-52d0afc e-flex e-con-boxed e-con e-parent\" data-id=\"52d0afc\" data-element_type=\"container\" data-e-type=\"container\" data-settings=\"{&quot;jet_parallax_layout_list&quot;:[]}\">\n\t\t\t\t\t<div class=\"e-con-inner\">\n\t\t\t\t<div class=\"elementor-element elementor-element-4d1eeb7 elementor-widget elementor-widget-heading\" data-id=\"4d1eeb7\" data-element_type=\"widget\" data-e-type=\"widget\" data-widget_type=\"heading.default\">\n\t\t\t\t<div class=\"elementor-widget-container\">\n\t\t\t\t\t<h2 class=\"elementor-heading-title elementor-size-default\">Aviso legal<\/h2>\t\t\t\t<\/div>\n\t\t\t\t<\/div>\n\t\t\t\t<div data-dce-text-color=\"#000000\" class=\"elementor-element elementor-element-21cf176 elementor-widget elementor-widget-text-editor\" data-id=\"21cf176\" data-element_type=\"widget\" data-e-type=\"widget\" data-widget_type=\"text-editor.default\">\n\t\t\t\t<div class=\"elementor-widget-container\">\n\t\t\t\t\t\t\t\t\t<div class=\"page-content\"><div class=\"elementor elementor-83\" data-elementor-type=\"wp-page\" data-elementor-id=\"83\" data-elementor-post-type=\"page\"><section class=\"elementor-section elementor-top-section elementor-element elementor-element-ccf6b30 elementor-section-stretched elementor-section-boxed elementor-section-height-default elementor-section-height-default\" data-id=\"ccf6b30\" data-element_type=\"section\" data-settings=\"{\"stretch_section\":\"section-stretched\"}\"><div class=\"elementor-container elementor-column-gap-default\"><div class=\"elementor-column elementor-col-100 elementor-top-column elementor-element elementor-element-0365c06\" data-id=\"0365c06\" data-element_type=\"column\"><div class=\"elementor-widget-wrap elementor-element-populated\"><div class=\"elementor-element elementor-element-bcfd9e2 elementor-widget elementor-widget-text-editor\" data-id=\"bcfd9e2\" data-element_type=\"widget\" data-widget_type=\"text-editor.default\"><div class=\"elementor-widget-container\"><p><span style=\"color: #000000;\">El sitio web https:\/\/www.clorsregain.fr est\u00e1 editado por<\/span><\/p><p><span style=\"color: #000000;\"><strong>CLOS REGAIN<br><\/strong>Informaci\u00f3n legal de la sociedad: SARL<\/span><br><span style=\"color: #000000;\">Direcci\u00f3n: 330 Route de la Chapelle de Rousse 64290 GAN \u2013 Francia<\/span><br><span style=\"color: #000000;\">IVA:<\/span><br><span style=\"color: #000000;\">Siren:<\/span><\/p><h3><span style=\"color: #000000;\">RESPONSABLE DE PUBLICACI\u00d3N<\/span><\/h3><p><span style=\"color: #000000;\">Clos Regain<\/span><\/p><p><span style=\"color: #000000;\">330 Route de la Chapelle de Rousse<\/span><br><span style=\"color: #000000;\">64290 GAN \u2013 Francia<\/span><\/p><h3><span style=\"color: #000000;\">ALOJAMIENTO<\/span><\/h3><p><span style=\"color: #000000;\"><strong>OVH<\/strong> SAS con un capital de 10 000 000 \u20ac RCS Roubaix \u2013 Tourcoing 424 761 419 00045 N\u00b0 IVA: FR 22 424 761 419 Domicilio social: 2 rue Kellermann \u2013 59100 Roubaix \u2013 Francia.<\/span><\/p><p><span style=\"color: #000000;\">Este sitio respeta los derechos de autor. Todos los derechos de los autores de las obras protegidas reproducidas y comunicadas en este sitio est\u00e1n reservados. Salvo autorizaci\u00f3n, queda prohibida cualquier utilizaci\u00f3n de las obras que no sea la reproducci\u00f3n y la consulta individual y privada.  <\/span><\/p><h3><span style=\"color: #000000;\">DATOS PERSONALES<\/span><\/h3><h4><span style=\"color: #000000;\">1\/ NATURALEZA DE LOS DATOS PERSONALES<\/span><\/h4><p><span style=\"color: #000000;\">La informaci\u00f3n recopilada es:<\/span><\/p><ul><li><span style=\"color: #000000;\">El registro voluntario de su direcci\u00f3n de correo electr\u00f3nico que nos autoriza a enviarle nuestros boletines y ofertas promocionales.<\/span><\/li><li><span style=\"color: #000000;\">Los datos procedentes de los formularios de contacto o de solicitud de presupuesto (nombre, apellidos, direcci\u00f3n, tel\u00e9fono, correo electr\u00f3nico, empresa\u2026).<\/span><\/li><\/ul><h4><span style=\"color: #000000;\">2\/ UTILIZACI\u00d3N DE LOS DATOS<\/span><\/h4><p><span style=\"color: #000000;\">La informaci\u00f3n recopilada nos permite:<\/span><\/p><ul><li><span style=\"color: #000000;\">Enviarle nuestros boletines y ofertas promocionales.<\/span><\/li><\/ul><p><span style=\"color: #000000;\">En ning\u00fan caso sus datos personales se transmiten a terceros.<\/span><\/p><p><span style=\"color: #000000;\">De conformidad con la ley \u00abinform\u00e1tica y libertades\u00bb del 6 de enero de 1978 modificada en 2004, usted se beneficia de un derecho de acceso y de rectificaci\u00f3n de la informaci\u00f3n que le concierne, que puede ejercer envi\u00e1ndonos un correo electr\u00f3nico a trav\u00e9s del formulario de contacto o escribiendo a 330 Route de la Chapelle de Rousse<\/span><br><span style=\"color: #000000;\">64290 GAN \u2013 Francia.<\/span><\/p><p><span style=\"color: #000000;\">Tambi\u00e9n puede, por motivos leg\u00edtimos, oponerse al tratamiento de los datos que le conciernen.<\/span><\/p><p><span style=\"color: #000000;\">Cr\u00e9ditos de fotos y v\u00eddeos: Eric Traversier, Laurent Pascal, Pierre Cartron, <a style=\"color: #000000;\" href=\"https:\/\/unsplash.com\/s\/photos\/restaurant-frensh?utm_source=unsplash&amp;utm_medium=referral&amp;utm_content=creditCopyText\">Unsplash<\/a><\/span><\/p><\/div><\/div><\/div><\/div><\/div><\/section><\/div><\/div>\t\t\t\t\t\t\t\t<\/div>\n\t\t\t\t<\/div>\n\t\t\t\t\t<\/div>\n\t\t\t\t<\/div>\n\t\t\t\t<\/div>\n\t\t","protected":false},"excerpt":{"rendered":"<p>El sitio web https:\/\/www.clorsregain.fr est\u00e1 editado por CLOS REGAINInformaci\u00f3n legal de la sociedad: SARLDirecci\u00f3n: 330 Route de la Chapelle de Rousse 64290 GAN \u2013 FranciaIVA:Siren: RESPONSABLE DE PUBLICACI\u00d3N Clos Regain 330 Route de la Chapelle de Rousse64290 GAN \u2013 Francia ALOJAMIENTO OVH SAS con un capital de 10 000 000 \u20ac RCS Roubaix \u2013 Tourcoing [&hellip;]<\/p>\n","protected":false},"author":1,"featured_media":0,"parent":0,"menu_order":0,"comment_status":"closed","ping_status":"closed","template":"","meta":{"_acf_changed":false,"footnotes":""},"class_list":["post-2676","page","type-page","status-publish","hentry"],"acf":[],"yoast_head":"<!-- This site is optimized with the Yoast SEO Premium plugin v27.1 (Yoast SEO v27.2) - https:\/\/yoast.com\/product\/yoast-seo-premium-wordpress\/ -->\n<title>Aviso legal - Clos Regain - Grand vin du Sud-Ouest<\/title>\n<meta name=\"robots\" content=\"index, follow, max-snippet:-1, max-image-preview:large, max-video-preview:-1\" \/>\n<link rel=\"canonical\" href=\"https:\/\/closregain.fr\/es\/aviso-legal\/\" \/>\n<meta property=\"og:locale\" content=\"es_ES\" \/>\n<meta property=\"og:type\" content=\"article\" \/>\n<meta property=\"og:title\" content=\"Aviso legal\" \/>\n<meta property=\"og:description\" content=\"El sitio web https:\/\/www.clorsregain.fr est\u00e1 editado por CLOS REGAINInformaci\u00f3n legal de la sociedad: SARLDirecci\u00f3n: 330 Route de la Chapelle de Rousse 64290 GAN \u2013 FranciaIVA:Siren: RESPONSABLE DE PUBLICACI\u00d3N Clos Regain 330 Route de la Chapelle de Rousse64290 GAN \u2013 Francia ALOJAMIENTO OVH SAS con un capital de 10 000 000 \u20ac RCS Roubaix \u2013 Tourcoing [&hellip;]\" \/>\n<meta property=\"og:url\" content=\"https:\/\/closregain.fr\/es\/aviso-legal\/\" \/>\n<meta property=\"og:site_name\" content=\"Clos Regain - Grand vin du Sud-Ouest\" \/>\n<meta property=\"article:modified_time\" content=\"2025-11-04T15:57:55+00:00\" \/>\n<meta name=\"twitter:card\" content=\"summary_large_image\" \/>\n<meta name=\"twitter:label1\" content=\"Tiempo de lectura\" \/>\n\t<meta name=\"twitter:data1\" content=\"1 minuto\" \/>\n<!-- \/ Yoast SEO Premium plugin. -->","yoast_head_json":{"title":"Aviso legal - Clos Regain - Grand vin du Sud-Ouest","robots":{"index":"index","follow":"follow","max-snippet":"max-snippet:-1","max-image-preview":"max-image-preview:large","max-video-preview":"max-video-preview:-1"},"canonical":"https:\/\/closregain.fr\/es\/aviso-legal\/","og_locale":"es_ES","og_type":"article","og_title":"Aviso legal","og_description":"El sitio web https:\/\/www.clorsregain.fr est\u00e1 editado por CLOS REGAINInformaci\u00f3n legal de la sociedad: SARLDirecci\u00f3n: 330 Route de la Chapelle de Rousse 64290 GAN \u2013 FranciaIVA:Siren: RESPONSABLE DE PUBLICACI\u00d3N Clos Regain 330 Route de la Chapelle de Rousse64290 GAN \u2013 Francia ALOJAMIENTO OVH SAS con un capital de 10 000 000 \u20ac RCS Roubaix \u2013 Tourcoing [&hellip;]","og_url":"https:\/\/closregain.fr\/es\/aviso-legal\/","og_site_name":"Clos Regain - Grand vin du Sud-Ouest","article_modified_time":"2025-11-04T15:57:55+00:00","twitter_card":"summary_large_image","twitter_misc":{"Tiempo de lectura":"1 minuto"},"schema":{"@context":"https:\/\/schema.org","@graph":[{"@type":"WebPage","@id":"https:\/\/closregain.fr\/es\/aviso-legal\/","url":"https:\/\/closregain.fr\/es\/aviso-legal\/","name":"Aviso legal - Clos Regain - Grand vin du Sud-Ouest","isPartOf":{"@id":"https:\/\/closregain.fr\/es\/#website"},"datePublished":"2024-03-25T14:09:10+00:00","dateModified":"2025-11-04T15:57:55+00:00","breadcrumb":{"@id":"https:\/\/closregain.fr\/es\/aviso-legal\/#breadcrumb"},"inLanguage":"es","potentialAction":[{"@type":"ReadAction","target":["https:\/\/closregain.fr\/es\/aviso-legal\/"]}]},{"@type":"BreadcrumbList","@id":"https:\/\/closregain.fr\/es\/aviso-legal\/#breadcrumb","itemListElement":[{"@type":"ListItem","position":1,"name":"Accueil","item":"https:\/\/closregain.fr\/es\/clos-regain\/"},{"@type":"ListItem","position":2,"name":"Aviso legal"}]},{"@type":"WebSite","@id":"https:\/\/closregain.fr\/es\/#website","url":"https:\/\/closregain.fr\/es\/","name":"Clos Regain - Grand vin du Sud-Ouest","description":"Grand vin du Sud-Ouest","publisher":{"@id":"https:\/\/closregain.fr\/es\/#organization"},"potentialAction":[{"@type":"SearchAction","target":{"@type":"EntryPoint","urlTemplate":"https:\/\/closregain.fr\/es\/?s={search_term_string}"},"query-input":{"@type":"PropertyValueSpecification","valueRequired":true,"valueName":"search_term_string"}}],"inLanguage":"es"},{"@type":"Organization","@id":"https:\/\/closregain.fr\/es\/#organization","name":"Clos Regain - Grand vin du Sud-Ouest","url":"https:\/\/closregain.fr\/es\/","logo":{"@type":"ImageObject","inLanguage":"es","@id":"https:\/\/closregain.fr\/es\/#\/schema\/logo\/image\/","url":"https:\/\/closregain.fr\/wp-content\/uploads\/2024\/01\/logo-Clos-Regain-blanc-web.png","contentUrl":"https:\/\/closregain.fr\/wp-content\/uploads\/2024\/01\/logo-Clos-Regain-blanc-web.png","width":1000,"height":386,"caption":"Clos Regain - Grand vin du Sud-Ouest"},"image":{"@id":"https:\/\/closregain.fr\/es\/#\/schema\/logo\/image\/"}}]}},"_links":{"self":[{"href":"https:\/\/closregain.fr\/es\/wp-json\/wp\/v2\/pages\/2676","targetHints":{"allow":["GET"]}}],"collection":[{"href":"https:\/\/closregain.fr\/es\/wp-json\/wp\/v2\/pages"}],"about":[{"href":"https:\/\/closregain.fr\/es\/wp-json\/wp\/v2\/types\/page"}],"author":[{"embeddable":true,"href":"https:\/\/closregain.fr\/es\/wp-json\/wp\/v2\/users\/1"}],"replies":[{"embeddable":true,"href":"https:\/\/closregain.fr\/es\/wp-json\/wp\/v2\/comments?post=2676"}],"version-history":[{"count":0,"href":"https:\/\/closregain.fr\/es\/wp-json\/wp\/v2\/pages\/2676\/revisions"}],"wp:attachment":[{"href":"https:\/\/closregain.fr\/es\/wp-json\/wp\/v2\/media?parent=2676"}],"curies":[{"name":"wp","href":"https:\/\/api.w.org\/{rel}","templated":true}]}}